{"id":185,"date":"2025-04-20T15:19:22","date_gmt":"2025-04-20T13:19:22","guid":{"rendered":"https:\/\/www.die-textreinigung.de\/dev\/?page_id=185"},"modified":"2025-05-16T17:41:27","modified_gmt":"2025-05-16T15:41:27","slug":"belletristiklektorat","status":"publish","type":"page","link":"https:\/\/www.die-textreinigung.de\/de\/belletristiklektorat\/","title":{"rendered":"Belletristiklektorat"},"content":{"rendered":"\t\t<div data-elementor-type=\"wp-page\" data-elementor-id=\"185\" class=\"elementor elementor-185\" data-elementor-post-type=\"page\">\n\t\t\t\t\t\t<section class=\"elementor-section elementor-top-section elementor-element elementor-element-2dfb33c1 elementor-section-full_width elementor-section-height-min-height elementor-section-items-top elementor-section-content-top elementor-section-height-default\" data-id=\"2dfb33c1\" data-element_type=\"section\" data-e-type=\"section\" data-settings=\"{&quot;background_background&quot;:&quot;classic&quot;,&quot;sticky&quot;:&quot;top&quot;,&quot;sticky_on&quot;:[&quot;desktop&quot;,&quot;tablet&quot;,&quot;mobile&quot;],&quot;sticky_offset&quot;:0,&quot;sticky_effects_offset&quot;:0,&quot;sticky_anchor_link_offset&quot;:0}\">\n\t\t\t\t\t\t\t<div class=\"elementor-background-overlay\"><\/div>\n\t\t\t\t\t\t\t<div class=\"elementor-container elementor-column-gap-no\">\n\t\t\t\t\t<div class=\"elementor-column elementor-col-100 elementor-top-column elementor-element elementor-element-6fcd2c43\" data-id=\"6fcd2c43\" data-element_type=\"column\" data-e-type=\"column\">\n\t\t\t<div class=\"elementor-widget-wrap elementor-element-populated\">\n\t\t\t\t\t\t<section class=\"elementor-section elementor-inner-section elementor-element elementor-element-182e023a elementor-section-height-min-height elementor-section-content-bottom elementor-section-boxed elementor-section-height-default\" data-id=\"182e023a\" data-element_type=\"section\" data-e-type=\"section\" data-settings=\"{&quot;background_background&quot;:&quot;classic&quot;}\">\n\t\t\t\t\t\t\t<div class=\"elementor-background-overlay\"><\/div>\n\t\t\t\t\t\t\t<div class=\"elementor-container elementor-column-gap-no\">\n\t\t\t\t\t<div class=\"elementor-column elementor-col-100 elementor-inner-column elementor-element elementor-element-bcc76bf\" data-id=\"bcc76bf\" data-element_type=\"column\" data-e-type=\"column\">\n\t\t\t<div class=\"elementor-widget-wrap elementor-element-populated\">\n\t\t\t\t\t\t<div class=\"elementor-element elementor-element-1be62266 elementor-hidden-mobile elementor-widget elementor-widget-heading\" data-id=\"1be62266\" data-element_type=\"widget\" data-e-type=\"widget\" data-widget_type=\"heading.default\">\n\t\t\t\t<div class=\"elementor-widget-container\">\n\t\t\t\t\t<h1 class=\"elementor-heading-title elementor-size-default\">Belletristiklektorat<\/h1>\t\t\t\t<\/div>\n\t\t\t\t<\/div>\n\t\t\t\t<div class=\"elementor-element elementor-element-ac60ef7 elementor-hidden-desktop elementor-hidden-tablet elementor-widget elementor-widget-heading\" data-id=\"ac60ef7\" data-element_type=\"widget\" data-e-type=\"widget\" data-widget_type=\"heading.default\">\n\t\t\t\t<div class=\"elementor-widget-container\">\n\t\t\t\t\t<h1 class=\"elementor-heading-title elementor-size-default\">Belletristik-<br \/>lektorat<\/h1>\t\t\t\t<\/div>\n\t\t\t\t<\/div>\n\t\t\t\t\t<\/div>\n\t\t<\/div>\n\t\t\t\t\t<\/div>\n\t\t<\/section>\n\t\t\t\t\t<\/div>\n\t\t<\/div>\n\t\t\t\t\t<\/div>\n\t\t<\/section>\n\t\t<div class=\"elementor-element elementor-element-1d0609d e-flex e-con-boxed e-con e-parent\" data-id=\"1d0609d\" data-element_type=\"container\" data-e-type=\"container\">\n\t\t\t\t\t<div class=\"e-con-inner\">\n\t\t\t\t<div class=\"elementor-element elementor-element-7523489 elementor-widget elementor-widget-text-editor\" data-id=\"7523489\" data-element_type=\"widget\" data-e-type=\"widget\" data-widget_type=\"text-editor.default\">\n\t\t\t\t<div class=\"elementor-widget-container\">\n\t\t\t\t\t\t\t\t\t<p>Das Belletristiklektorat bildet sozusagen die K\u00f6nigsdisziplin des freien Lektorats. Denn hier kommt es nicht nur auf das Handwerk des reinen Textlektorats an \u2013 idealerweise setzt die Zusammenarbeit bereits bei der Konzeption des sp\u00e4teren Buches an. Intuition, Kreativit\u00e4t und ein grunds\u00e4tzliches Verst\u00e4ndnis zwischen Lektor\/in und Autor\/in sind hier unabdingbare Zutaten. Die Entstehung eines Werkes kann so von Beginn an auf allen Ebenen begleitet werden. Nat\u00fcrlich ist es aber ebenso gut m\u00f6glich, sich nur in einzelnen Phasen Unterst\u00fctzung zu holen, je nach Wunsch und Bedarf.<\/p>\t\t\t\t\t\t\t\t<\/div>\n\t\t\t\t<\/div>\n\t\t\t\t<div class=\"elementor-element elementor-element-c744b3a elementor-widget-divider--view-line elementor-widget elementor-widget-divider\" data-id=\"c744b3a\" data-element_type=\"widget\" data-e-type=\"widget\" data-widget_type=\"divider.default\">\n\t\t\t\t<div class=\"elementor-widget-container\">\n\t\t\t\t\t\t\t<div class=\"elementor-divider\">\n\t\t\t<span class=\"elementor-divider-separator\">\n\t\t\t\t\t\t<\/span>\n\t\t<\/div>\n\t\t\t\t\t\t<\/div>\n\t\t\t\t<\/div>\n\t\t\t\t<div class=\"elementor-element elementor-element-6d16ae0 elementor-widget elementor-widget-shortcode\" data-id=\"6d16ae0\" data-element_type=\"widget\" data-e-type=\"widget\" data-widget_type=\"shortcode.default\">\n\t\t\t\t<div class=\"elementor-widget-container\">\n\t\t\t\t\t\t\t<div class=\"elementor-shortcode\"><div id=\"accordions-1611\" class=\"accordions-1611 accordions\" data-accordions={&quot;lazyLoad&quot;:true,&quot;id&quot;:&quot;1611&quot;,&quot;event&quot;:&quot;click&quot;,&quot;collapsible&quot;:&quot;true&quot;,&quot;heightStyle&quot;:&quot;content&quot;,&quot;animateStyle&quot;:&quot;swing&quot;,&quot;animateDelay&quot;:&quot;600&quot;,&quot;navigation&quot;:true,&quot;active&quot;:999,&quot;expandedOther&quot;:&quot;no&quot;,&quot;URLHash&quot;:&quot;yes&quot;,&quot;headerToggle&quot;:&quot;no&quot;,&quot;scrollTop&quot;:&quot;no&quot;,&quot;scrollTopOffset&quot;:100,&quot;stats&quot;:&quot;no&quot;}>\r\n                <div id=\"accordions-lazy-1611\" class=\"accordions-lazy\" accordionsId=\"1611\">\r\n                    <\/div>\r\n\r\n    <div class=\"items\"  style=\"display:none\" >\r\n    \r\n            <div post_id=\"1611\" itemcount=\"0\"  header_id=\"header-17462710200\" id=\"header-17462710200\" style=\"\" class=\"accordions-head head17462710200 border-none\" toggle-text=\"\" main-text=\"Beratung bei der Plotentwicklung: vor dem Schreiben und mittendrin\">\r\n                                    <span id=\"accordion-icons-17462710200\" class=\"accordion-icons\">\r\n                        <span class=\"accordion-icon-active accordion-plus\"><i class=\"fa-solid fa-plus\"><\/i><\/span>\r\n                        <span class=\"accordion-icon-inactive accordion-minus\"><i class=\"fa-solid fa-minus\"><\/i><\/span>\r\n                    <\/span>\r\n                    <span id=\"header-text-17462710200\" class=\"accordions-head-title\">Beratung bei der Plotentwicklung: vor dem Schreiben und mittendrin<\/span>\r\n                            <\/div>\r\n            <div class=\"accordion-content content17462710200 border-2px\">\r\n                <ul>\n<li>Im gemeinsamen Gespr\u00e4ch eine erste Idee weiterentwickeln<\/li>\n<li>Besprechung zur Entwicklung einzelner Textpassagen<\/li>\n<li>Anfang, Schluss, Schl\u00fcsselszenen<\/li>\n<li>Beratung zu vorgenommenen\/empfehlenswerten \u00c4nderungen oder Erg\u00e4nzungen<\/li>\n<li>Intentionsgerechtigkeit<\/li>\n<li>...<\/li>\n<\/ul>\n            <\/div>\r\n    \r\n            <div post_id=\"1611\" itemcount=\"1\"  header_id=\"header-17462710201\" id=\"header-17462710201\" style=\"\" class=\"accordions-head head17462710201 border-none\" toggle-text=\"\" main-text=\"Inhaltliches Lektorat: die Meta-Ebene\">\r\n                                    <span id=\"accordion-icons-17462710201\" class=\"accordion-icons\">\r\n                        <span class=\"accordion-icon-active accordion-plus\"><i class=\"fa-solid fa-plus\"><\/i><\/span>\r\n                        <span class=\"accordion-icon-inactive accordion-minus\"><i class=\"fa-solid fa-minus\"><\/i><\/span>\r\n                    <\/span>\r\n                    <span id=\"header-text-17462710201\" class=\"accordions-head-title\">Inhaltliches Lektorat: die Meta-Ebene<\/span>\r\n                            <\/div>\r\n            <div class=\"accordion-content content17462710201 border-2px\">\r\n                <ul>\n<li>Plot<\/li>\n<li>Charaktere\/Figurenkonstellation<\/li>\n<li>Dramaturgie: roter Faden, Spannungsbogen, \u2026<\/li>\n<li>Motivik<\/li>\n<li>Stil\/Sprache<\/li>\n<li>Genregerechtigkeit<\/li>\n<li>...<\/li>\n<\/ul>\n            <\/div>\r\n    \r\n            <div post_id=\"1611\" itemcount=\"2\"  header_id=\"header-17462710202\" id=\"header-17462710202\" style=\"\" class=\"accordions-head head17462710202 border-none\" toggle-text=\"\" main-text=\"Textlektorat: Arbeit an Ihrem Text\">\r\n                                    <span id=\"accordion-icons-17462710202\" class=\"accordion-icons\">\r\n                        <span class=\"accordion-icon-active accordion-plus\"><i class=\"fa-solid fa-plus\"><\/i><\/span>\r\n                        <span class=\"accordion-icon-inactive accordion-minus\"><i class=\"fa-solid fa-minus\"><\/i><\/span>\r\n                    <\/span>\r\n                    <span id=\"header-text-17462710202\" class=\"accordions-head-title\">Textlektorat: Arbeit an Ihrem Text<\/span>\r\n                            <\/div>\r\n            <div class=\"accordion-content content17462710202 border-2px\">\r\n                <ul>\n<li>Stil: Einheitlichkeit, Passung zu den Charakteren, Genregerechtigkeit, \u2026<\/li>\n<li>Logik, Koh\u00e4renz: Aufbau, Erkl\u00e4rung aller Zusammenh\u00e4nge, Abgrenzung von Ursachen\/Folgen, \u2026<\/li>\n<li>Gute Lesbarkeit: Satzaufbau, Satzl\u00e4nge, Untergliederung, Wortwahl<\/li>\n<li>Zielgruppengerechtigkeit im Detail (z. B. Verst\u00e4ndlichkeit, Pr\u00e4ferenzen der Zielgruppe)<\/li>\n<li>Redundanzen: thematische Wiederholungen im Aufbau, Doppelaussagen in den Textdetails<\/li>\n<li>K\u00fcrzung\/Straffung: Empfehlungen zur Entfernung von L\u00e4ngen und \u00fcberfl\u00fcssigen Inhalten<\/li>\n<li>Aufdeckung von L\u00fccken, fehlenden Erkl\u00e4rungen, inhaltlich nicht nachvollziehbaren Spr\u00fcngen<\/li>\n<li>Plotfehler: Bezugsfehler, Zeitspr\u00fcnge, logische Zusammenh\u00e4nge<\/li>\n<li>Systemfehler: charakteristische Merkmale des Ziellandes, der Zeit, des Bildungsstands, des politischen Zusammenhangs, \u2026<\/li>\n<li>...<\/li>\n<\/ul>\n<p>\u00a0<\/p>\n<h6>> Beim Lektorat von Texten wird im Zuge der Bearbeitung immer auch ein Gro\u00dfteil der vorhandenen Rechtschreib- bzw. Satzfehler entfernt. Dies kann jedoch ein abschlie\u00dfendes Korrektorat niemals ersetzen, da der Fokus der Arbeit im Lektorat auf der Textqualit\u00e4t liegt. Zudem entstehen bei intensiver Textarbeit allein aus technischen Gr\u00fcnden im Normalfall einige neue Satz- und Grammatikfehler, die im Anschluss entfernt werden m\u00fcssen. Verzichtbar ist ein abschlie\u00dfender Korrekturgang allenfalls bei sehr eingeschr\u00e4nkten Lektoratsaufgaben.<\/h6>\n            <\/div>\r\n    \r\n            <div post_id=\"1611\" itemcount=\"3\"  header_id=\"header-17462710203\" id=\"header-17462710203\" style=\"\" class=\"accordions-head head17462710203 border-none\" toggle-text=\"\" main-text=\"Gutachten: die Qualit\u00e4ten Ihres Textes\">\r\n                                    <span id=\"accordion-icons-17462710203\" class=\"accordion-icons\">\r\n                        <span class=\"accordion-icon-active accordion-plus\"><i class=\"fa-solid fa-plus\"><\/i><\/span>\r\n                        <span class=\"accordion-icon-inactive accordion-minus\"><i class=\"fa-solid fa-minus\"><\/i><\/span>\r\n                    <\/span>\r\n                    <span id=\"header-text-17462710203\" class=\"accordions-head-title\">Gutachten: die Qualit\u00e4ten Ihres Textes<\/span>\r\n                            <\/div>\r\n            <div class=\"accordion-content content17462710203 border-2px\">\r\n                <p>Ein Gutachten kann verschiedene Funktionen erf\u00fcllen. Hier kann es um die Ver\u00f6ffentlichungsf\u00e4higkeit eines fertigen Manuskripts gehen oder auch um die \u00dcberpr\u00fcfung einer Romanidee auf Tragf\u00e4higkeit. Ein Gutachten kann also eine Arbeitsgrundlage f\u00fcr den Autor selbst bilden oder auch eine Beurteilung als Empfehlung nach au\u00dfen, an Verlage oder andere Institutionen.<\/p>\n<p>Textanalyse und Kommentierung in verschiedenen Bereichen:<\/p>\n<ul>\n<li>Konzeption<\/li>\n<li>Komposition, Dramaturgie<\/li>\n<li>Personal<\/li>\n<li>Dialoge<\/li>\n<li>Sprache<\/li>\n<li>\u2026<\/li>\n<\/ul>\n            <\/div>\r\n    <\/div>\r\n\r\n\r\n\r\n\r\n            <\/div><\/div>\n\t\t\t\t\t\t<\/div>\n\t\t\t\t<\/div>\n\t\t\t\t<div class=\"elementor-element elementor-element-cccbdfc elementor-widget-divider--view-line elementor-widget elementor-widget-divider\" data-id=\"cccbdfc\" data-element_type=\"widget\" data-e-type=\"widget\" data-widget_type=\"divider.default\">\n\t\t\t\t<div class=\"elementor-widget-container\">\n\t\t\t\t\t\t\t<div class=\"elementor-divider\">\n\t\t\t<span class=\"elementor-divider-separator\">\n\t\t\t\t\t\t<\/span>\n\t\t<\/div>\n\t\t\t\t\t\t<\/div>\n\t\t\t\t<\/div>\n\t\t\t\t<div class=\"elementor-element elementor-element-6592233 elementor-widget elementor-widget-shortcode\" data-id=\"6592233\" data-element_type=\"widget\" data-e-type=\"widget\" data-widget_type=\"shortcode.default\">\n\t\t\t\t<div class=\"elementor-widget-container\">\n\t\t\t\t\t\t\t<div class=\"elementor-shortcode\"><div id=\"accordions-1620\" class=\"accordions-1620 accordions\" data-accordions={&quot;lazyLoad&quot;:true,&quot;id&quot;:&quot;1620&quot;,&quot;event&quot;:&quot;click&quot;,&quot;collapsible&quot;:&quot;true&quot;,&quot;heightStyle&quot;:&quot;content&quot;,&quot;animateStyle&quot;:&quot;swing&quot;,&quot;animateDelay&quot;:&quot;600&quot;,&quot;navigation&quot;:true,&quot;active&quot;:999,&quot;expandedOther&quot;:&quot;no&quot;,&quot;URLHash&quot;:&quot;yes&quot;,&quot;headerToggle&quot;:&quot;no&quot;,&quot;scrollTop&quot;:&quot;yes&quot;,&quot;scrollTopOffset&quot;:100,&quot;stats&quot;:&quot;no&quot;}>\r\n                <div id=\"accordions-lazy-1620\" class=\"accordions-lazy\" accordionsId=\"1620\">\r\n                    <\/div>\r\n\r\n    <div class=\"items\"  style=\"display:none\" >\r\n    \r\n            <div post_id=\"1620\" itemcount=\"0\"  header_id=\"header-17462693690\" id=\"header-17462693690\" style=\"\" class=\"accordions-head head17462693690 border-none\" toggle-text=\"\" main-text=\"Genres\">\r\n                                    <span id=\"accordion-icons-17462693690\" class=\"accordion-icons\">\r\n                        <span class=\"accordion-icon-active accordion-plus\"><i class=\"fa-solid fa-plus\"><\/i><\/span>\r\n                        <span class=\"accordion-icon-inactive accordion-minus\"><i class=\"fa-solid fa-minus\"><\/i><\/span>\r\n                    <\/span>\r\n                    <span id=\"header-text-17462693690\" class=\"accordions-head-title\">Genres<\/span>\r\n                            <\/div>\r\n            <div class=\"accordion-content content17462693690 border-2px\">\r\n                <h4>Romane und Erz\u00e4hlungen:<\/h4>\n<ul>\n<li>Kriminalromane, Thriller<\/li>\n<li>Liebesgeschichten<\/li>\n<li>Historische Romane<\/li>\n<li>Abenteuerromane<\/li>\n<li>Mystery, Fantasy<\/li>\n<li>Science Fiction<\/li>\n<li>Satiren<\/li>\n<li>Kinder- und Jugendliteratur<\/li>\n<li>...<\/li>\n<\/ul>\n<p>\u00a0<\/p>\n<h4>Eigendarstellung, Dokumentation:<\/h4>\n<ul>\n<li>Autobiografien, Memoiren<\/li>\n<li>Reise- und Erlebnisberichte<\/li>\n<li>Literarische Erfahrungsverarbeitung<\/li>\n<li>...<\/li>\n<\/ul>\n            <\/div>\r\n    <\/div>\r\n\r\n\r\n\r\n\r\n            <\/div><\/div>\n\t\t\t\t\t\t<\/div>\n\t\t\t\t<\/div>\n\t\t\t\t\t<\/div>\n\t\t\t\t<\/div>\n\t\t\t\t<\/div>\n\t\t","protected":false},"excerpt":{"rendered":"<p>Belletristiklektorat Belletristik-lektorat Das Belletristiklektorat bildet sozusagen die K\u00f6nigsdisziplin des freien Lektorats. Denn hier kommt es nicht nur auf das Handwerk des reinen Textlektorats an \u2013 idealerweise setzt die Zusammenarbeit bereits bei der Konzeption des sp\u00e4teren Buches an. Intuition, Kreativit\u00e4t und ein grunds\u00e4tzliches Verst\u00e4ndnis zwischen Lektor\/in und Autor\/in sind hier unabdingbare Zutaten. Die Entstehung eines Werkes [&hellip;]<\/p>\n","protected":false},"author":1,"featured_media":0,"parent":0,"menu_order":0,"comment_status":"closed","ping_status":"closed","template":"elementor_header_footer","meta":{"footnotes":""},"class_list":["post-185","page","type-page","status-publish","hentry"],"yoast_head":"<!-- This site is optimized with the Yoast SEO plugin v27.5 - https:\/\/yoast.com\/product\/yoast-seo-wordpress\/ -->\n<title>die textreinigung. Berliner Lektorat f\u00fcr aussagestarke Romane und Erz\u00e4hlungen<\/title>\n<meta name=\"description\" content=\"Im Belletristiklektorat bieten wir Ihnen nicht nur das Lektorat eines bereits vorlegenden Textes, sondern unterst\u00fctzen Sie gerne schon bei der Konzeption.\" \/>\n<meta name=\"robots\" content=\"index, follow, max-snippet:-1, max-image-preview:large, max-video-preview:-1\" \/>\n<link rel=\"canonical\" href=\"https:\/\/www.die-textreinigung.de\/de\/belletristiklektorat\/\" \/>\n<meta property=\"og:locale\" content=\"de_DE\" \/>\n<meta property=\"og:type\" content=\"article\" \/>\n<meta property=\"og:title\" content=\"die textreinigung. Berliner Lektorat f\u00fcr aussagestarke Romane und Erz\u00e4hlungen\" \/>\n<meta property=\"og:description\" content=\"Im Belletristiklektorat bieten wir Ihnen nicht nur das Lektorat eines bereits vorlegenden Textes, sondern unterst\u00fctzen Sie gerne schon bei der Konzeption.\" \/>\n<meta property=\"og:url\" content=\"https:\/\/www.die-textreinigung.de\/de\/belletristiklektorat\/\" \/>\n<meta property=\"og:site_name\" content=\"die textreinigung\" \/>\n<meta property=\"article:modified_time\" content=\"2025-05-16T15:41:27+00:00\" \/>\n<meta name=\"twitter:card\" content=\"summary_large_image\" \/>\n<meta name=\"twitter:label1\" content=\"Gesch\u00e4tzte Lesezeit\" \/>\n\t<meta name=\"twitter:data1\" content=\"1\u00a0Minute\" \/>\n<script type=\"application\/ld+json\" class=\"yoast-schema-graph\">{\"@context\":\"https:\\\/\\\/schema.org\",\"@graph\":[{\"@type\":\"WebPage\",\"@id\":\"https:\\\/\\\/www.die-textreinigung.de\\\/de\\\/belletristiklektorat\\\/\",\"url\":\"https:\\\/\\\/www.die-textreinigung.de\\\/de\\\/belletristiklektorat\\\/\",\"name\":\"die textreinigung. Berliner Lektorat f\u00fcr aussagestarke Romane und Erz\u00e4hlungen\",\"isPartOf\":{\"@id\":\"https:\\\/\\\/www.die-textreinigung.de\\\/de\\\/#website\"},\"datePublished\":\"2025-04-20T13:19:22+00:00\",\"dateModified\":\"2025-05-16T15:41:27+00:00\",\"description\":\"Im Belletristiklektorat bieten wir Ihnen nicht nur das Lektorat eines bereits vorlegenden Textes, sondern unterst\u00fctzen Sie gerne schon bei der Konzeption.\",\"breadcrumb\":{\"@id\":\"https:\\\/\\\/www.die-textreinigung.de\\\/de\\\/belletristiklektorat\\\/#breadcrumb\"},\"inLanguage\":\"de\",\"potentialAction\":[{\"@type\":\"ReadAction\",\"target\":[\"https:\\\/\\\/www.die-textreinigung.de\\\/de\\\/belletristiklektorat\\\/\"]}]},{\"@type\":\"BreadcrumbList\",\"@id\":\"https:\\\/\\\/www.die-textreinigung.de\\\/de\\\/belletristiklektorat\\\/#breadcrumb\",\"itemListElement\":[{\"@type\":\"ListItem\",\"position\":1,\"name\":\"Startseite\",\"item\":\"https:\\\/\\\/www.die-textreinigung.de\\\/de\\\/\"},{\"@type\":\"ListItem\",\"position\":2,\"name\":\"Belletristiklektorat\"}]},{\"@type\":\"WebSite\",\"@id\":\"https:\\\/\\\/www.die-textreinigung.de\\\/de\\\/#website\",\"url\":\"https:\\\/\\\/www.die-textreinigung.de\\\/de\\\/\",\"name\":\"die textreinigung\",\"description\":\"korrigiert. lektoriert. gestaltet.\",\"publisher\":{\"@id\":\"https:\\\/\\\/www.die-textreinigung.de\\\/de\\\/#organization\"},\"potentialAction\":[{\"@type\":\"SearchAction\",\"target\":{\"@type\":\"EntryPoint\",\"urlTemplate\":\"https:\\\/\\\/www.die-textreinigung.de\\\/de\\\/?s={search_term_string}\"},\"query-input\":{\"@type\":\"PropertyValueSpecification\",\"valueRequired\":true,\"valueName\":\"search_term_string\"}}],\"inLanguage\":\"de\"},{\"@type\":\"Organization\",\"@id\":\"https:\\\/\\\/www.die-textreinigung.de\\\/de\\\/#organization\",\"name\":\"die textreinigung\",\"url\":\"https:\\\/\\\/www.die-textreinigung.de\\\/de\\\/\",\"logo\":{\"@type\":\"ImageObject\",\"inLanguage\":\"de\",\"@id\":\"https:\\\/\\\/www.die-textreinigung.de\\\/de\\\/#\\\/schema\\\/logo\\\/image\\\/\",\"url\":\"https:\\\/\\\/www.die-textreinigung.de\\\/de\\\/wp-content\\\/uploads\\\/2025\\\/04\\\/favicon.png\",\"contentUrl\":\"https:\\\/\\\/www.die-textreinigung.de\\\/de\\\/wp-content\\\/uploads\\\/2025\\\/04\\\/favicon.png\",\"width\":513,\"height\":513,\"caption\":\"die textreinigung\"},\"image\":{\"@id\":\"https:\\\/\\\/www.die-textreinigung.de\\\/de\\\/#\\\/schema\\\/logo\\\/image\\\/\"}}]}<\/script>\n<!-- \/ Yoast SEO plugin. -->","yoast_head_json":{"title":"die textreinigung. Berliner Lektorat f\u00fcr aussagestarke Romane und Erz\u00e4hlungen","description":"Im Belletristiklektorat bieten wir Ihnen nicht nur das Lektorat eines bereits vorlegenden Textes, sondern unterst\u00fctzen Sie gerne schon bei der Konzeption.","robots":{"index":"index","follow":"follow","max-snippet":"max-snippet:-1","max-image-preview":"max-image-preview:large","max-video-preview":"max-video-preview:-1"},"canonical":"https:\/\/www.die-textreinigung.de\/de\/belletristiklektorat\/","og_locale":"de_DE","og_type":"article","og_title":"die textreinigung. Berliner Lektorat f\u00fcr aussagestarke Romane und Erz\u00e4hlungen","og_description":"Im Belletristiklektorat bieten wir Ihnen nicht nur das Lektorat eines bereits vorlegenden Textes, sondern unterst\u00fctzen Sie gerne schon bei der Konzeption.","og_url":"https:\/\/www.die-textreinigung.de\/de\/belletristiklektorat\/","og_site_name":"die textreinigung","article_modified_time":"2025-05-16T15:41:27+00:00","twitter_card":"summary_large_image","twitter_misc":{"Gesch\u00e4tzte Lesezeit":"1\u00a0Minute"},"schema":{"@context":"https:\/\/schema.org","@graph":[{"@type":"WebPage","@id":"https:\/\/www.die-textreinigung.de\/de\/belletristiklektorat\/","url":"https:\/\/www.die-textreinigung.de\/de\/belletristiklektorat\/","name":"die textreinigung. Berliner Lektorat f\u00fcr aussagestarke Romane und Erz\u00e4hlungen","isPartOf":{"@id":"https:\/\/www.die-textreinigung.de\/de\/#website"},"datePublished":"2025-04-20T13:19:22+00:00","dateModified":"2025-05-16T15:41:27+00:00","description":"Im Belletristiklektorat bieten wir Ihnen nicht nur das Lektorat eines bereits vorlegenden Textes, sondern unterst\u00fctzen Sie gerne schon bei der Konzeption.","breadcrumb":{"@id":"https:\/\/www.die-textreinigung.de\/de\/belletristiklektorat\/#breadcrumb"},"inLanguage":"de","potentialAction":[{"@type":"ReadAction","target":["https:\/\/www.die-textreinigung.de\/de\/belletristiklektorat\/"]}]},{"@type":"BreadcrumbList","@id":"https:\/\/www.die-textreinigung.de\/de\/belletristiklektorat\/#breadcrumb","itemListElement":[{"@type":"ListItem","position":1,"name":"Startseite","item":"https:\/\/www.die-textreinigung.de\/de\/"},{"@type":"ListItem","position":2,"name":"Belletristiklektorat"}]},{"@type":"WebSite","@id":"https:\/\/www.die-textreinigung.de\/de\/#website","url":"https:\/\/www.die-textreinigung.de\/de\/","name":"die textreinigung","description":"korrigiert. lektoriert. gestaltet.","publisher":{"@id":"https:\/\/www.die-textreinigung.de\/de\/#organization"},"potentialAction":[{"@type":"SearchAction","target":{"@type":"EntryPoint","urlTemplate":"https:\/\/www.die-textreinigung.de\/de\/?s={search_term_string}"},"query-input":{"@type":"PropertyValueSpecification","valueRequired":true,"valueName":"search_term_string"}}],"inLanguage":"de"},{"@type":"Organization","@id":"https:\/\/www.die-textreinigung.de\/de\/#organization","name":"die textreinigung","url":"https:\/\/www.die-textreinigung.de\/de\/","logo":{"@type":"ImageObject","inLanguage":"de","@id":"https:\/\/www.die-textreinigung.de\/de\/#\/schema\/logo\/image\/","url":"https:\/\/www.die-textreinigung.de\/de\/wp-content\/uploads\/2025\/04\/favicon.png","contentUrl":"https:\/\/www.die-textreinigung.de\/de\/wp-content\/uploads\/2025\/04\/favicon.png","width":513,"height":513,"caption":"die textreinigung"},"image":{"@id":"https:\/\/www.die-textreinigung.de\/de\/#\/schema\/logo\/image\/"}}]}},"_links":{"self":[{"href":"https:\/\/www.die-textreinigung.de\/de\/wp-json\/wp\/v2\/pages\/185","targetHints":{"allow":["GET"]}}],"collection":[{"href":"https:\/\/www.die-textreinigung.de\/de\/wp-json\/wp\/v2\/pages"}],"about":[{"href":"https:\/\/www.die-textreinigung.de\/de\/wp-json\/wp\/v2\/types\/page"}],"author":[{"embeddable":true,"href":"https:\/\/www.die-textreinigung.de\/de\/wp-json\/wp\/v2\/users\/1"}],"replies":[{"embeddable":true,"href":"https:\/\/www.die-textreinigung.de\/de\/wp-json\/wp\/v2\/comments?post=185"}],"version-history":[{"count":0,"href":"https:\/\/www.die-textreinigung.de\/de\/wp-json\/wp\/v2\/pages\/185\/revisions"}],"wp:attachment":[{"href":"https:\/\/www.die-textreinigung.de\/de\/wp-json\/wp\/v2\/media?parent=185"}],"curies":[{"name":"wp","href":"https:\/\/api.w.org\/{rel}","templated":true}]}}