{"id":187,"date":"2025-04-20T15:21:13","date_gmt":"2025-04-20T13:21:13","guid":{"rendered":"https:\/\/www.die-textreinigung.de\/dev\/?page_id=187"},"modified":"2025-05-16T17:45:53","modified_gmt":"2025-05-16T15:45:53","slug":"sachbuchlektorat","status":"publish","type":"page","link":"https:\/\/www.die-textreinigung.de\/de\/sachbuchlektorat\/","title":{"rendered":"Ratgeber- und Sachbuchlektorat"},"content":{"rendered":"\t\t<div data-elementor-type=\"wp-page\" data-elementor-id=\"187\" class=\"elementor elementor-187\" data-elementor-post-type=\"page\">\n\t\t\t\t\t\t<section class=\"elementor-section elementor-top-section elementor-element elementor-element-2be22416 elementor-section-full_width elementor-section-height-min-height elementor-section-items-top elementor-section-content-top elementor-section-height-default\" data-id=\"2be22416\" data-element_type=\"section\" data-e-type=\"section\" data-settings=\"{&quot;background_background&quot;:&quot;classic&quot;,&quot;sticky&quot;:&quot;top&quot;,&quot;sticky_on&quot;:[&quot;desktop&quot;,&quot;tablet&quot;,&quot;mobile&quot;],&quot;sticky_offset&quot;:0,&quot;sticky_effects_offset&quot;:0,&quot;sticky_anchor_link_offset&quot;:0}\">\n\t\t\t\t\t\t\t<div class=\"elementor-background-overlay\"><\/div>\n\t\t\t\t\t\t\t<div class=\"elementor-container elementor-column-gap-no\">\n\t\t\t\t\t<div class=\"elementor-column elementor-col-100 elementor-top-column elementor-element elementor-element-5081b758\" data-id=\"5081b758\" data-element_type=\"column\" data-e-type=\"column\">\n\t\t\t<div class=\"elementor-widget-wrap elementor-element-populated\">\n\t\t\t\t\t\t<section class=\"elementor-section elementor-inner-section elementor-element elementor-element-38904741 elementor-section-height-min-height elementor-section-content-bottom elementor-section-boxed elementor-section-height-default\" data-id=\"38904741\" data-element_type=\"section\" data-e-type=\"section\" data-settings=\"{&quot;background_background&quot;:&quot;classic&quot;}\">\n\t\t\t\t\t\t\t<div class=\"elementor-background-overlay\"><\/div>\n\t\t\t\t\t\t\t<div class=\"elementor-container elementor-column-gap-no\">\n\t\t\t\t\t<div class=\"elementor-column elementor-col-100 elementor-inner-column elementor-element elementor-element-382daa29\" data-id=\"382daa29\" data-element_type=\"column\" data-e-type=\"column\">\n\t\t\t<div class=\"elementor-widget-wrap elementor-element-populated\">\n\t\t\t\t\t\t<div class=\"elementor-element elementor-element-41116b1c elementor-hidden-mobile elementor-widget elementor-widget-heading\" data-id=\"41116b1c\" data-element_type=\"widget\" data-e-type=\"widget\" data-widget_type=\"heading.default\">\n\t\t\t\t<div class=\"elementor-widget-container\">\n\t\t\t\t\t<h1 class=\"elementor-heading-title elementor-size-default\">Ratgeber- und Sachbuchlektorat<\/h1>\t\t\t\t<\/div>\n\t\t\t\t<\/div>\n\t\t\t\t<div class=\"elementor-element elementor-element-b8e6189 elementor-hidden-desktop elementor-hidden-tablet elementor-widget elementor-widget-heading\" data-id=\"b8e6189\" data-element_type=\"widget\" data-e-type=\"widget\" data-widget_type=\"heading.default\">\n\t\t\t\t<div class=\"elementor-widget-container\">\n\t\t\t\t\t<h1 class=\"elementor-heading-title elementor-size-default\">Ratgeber-<br \/>und Sachbuch-<br \/>lektorat<\/h1>\t\t\t\t<\/div>\n\t\t\t\t<\/div>\n\t\t\t\t\t<\/div>\n\t\t<\/div>\n\t\t\t\t\t<\/div>\n\t\t<\/section>\n\t\t\t\t\t<\/div>\n\t\t<\/div>\n\t\t\t\t\t<\/div>\n\t\t<\/section>\n\t\t<div class=\"elementor-element elementor-element-1c053f87 e-flex e-con-boxed e-con e-parent\" data-id=\"1c053f87\" data-element_type=\"container\" data-e-type=\"container\">\n\t\t\t\t\t<div class=\"e-con-inner\">\n\t\t\t\t<div class=\"elementor-element elementor-element-63c1aca elementor-widget elementor-widget-text-editor\" data-id=\"63c1aca\" data-element_type=\"widget\" data-e-type=\"widget\" data-widget_type=\"text-editor.default\">\n\t\t\t\t<div class=\"elementor-widget-container\">\n\t\t\t\t\t\t\t\t\t<p>Beim Sachbuchlektorat, von Verlagsseite oft auch als Redaktion bezeichnet, geht es zuallererst um die sach- und adressatengerechte Umsetzung und Vermittlung des Themas. Dabei steht die Arbeit direkt am Text naturgem\u00e4\u00df im Mittelpunkt. Aber auch hier k\u00f6nnen Dinge wie eine gute Gliederung, die F\u00fchrung durch das Buch \u00fcber eine klare und aussagekr\u00e4ftige \u00dcberschriftenstruktur, begleitende Orientierungselemente oder eine aussagekr\u00e4ftige Zusammenfassung eine entscheidende Rolle spielen \u2013 sowohl f\u00fcr die Interessentenansprache als auch f\u00fcr eine erfolgreiche Wissensvermittlung an die Leserschaft.<\/p>\t\t\t\t\t\t\t\t<\/div>\n\t\t\t\t<\/div>\n\t\t\t\t<div class=\"elementor-element elementor-element-aaa6ab elementor-widget-divider--view-line elementor-widget elementor-widget-divider\" data-id=\"aaa6ab\" data-element_type=\"widget\" data-e-type=\"widget\" data-widget_type=\"divider.default\">\n\t\t\t\t<div class=\"elementor-widget-container\">\n\t\t\t\t\t\t\t<div class=\"elementor-divider\">\n\t\t\t<span class=\"elementor-divider-separator\">\n\t\t\t\t\t\t<\/span>\n\t\t<\/div>\n\t\t\t\t\t\t<\/div>\n\t\t\t\t<\/div>\n\t\t\t\t<div class=\"elementor-element elementor-element-13c54fd7 elementor-widget elementor-widget-shortcode\" data-id=\"13c54fd7\" data-element_type=\"widget\" data-e-type=\"widget\" data-widget_type=\"shortcode.default\">\n\t\t\t\t<div class=\"elementor-widget-container\">\n\t\t\t\t\t\t\t<div class=\"elementor-shortcode\"><div id=\"accordions-1626\" class=\"accordions-1626 accordions\" data-accordions={&quot;lazyLoad&quot;:true,&quot;id&quot;:&quot;1626&quot;,&quot;event&quot;:&quot;click&quot;,&quot;collapsible&quot;:&quot;true&quot;,&quot;heightStyle&quot;:&quot;content&quot;,&quot;animateStyle&quot;:&quot;swing&quot;,&quot;animateDelay&quot;:&quot;600&quot;,&quot;navigation&quot;:true,&quot;active&quot;:999,&quot;expandedOther&quot;:&quot;no&quot;,&quot;URLHash&quot;:&quot;yes&quot;,&quot;headerToggle&quot;:&quot;no&quot;,&quot;scrollTop&quot;:&quot;no&quot;,&quot;scrollTopOffset&quot;:100,&quot;stats&quot;:&quot;no&quot;}>\r\n                <div id=\"accordions-lazy-1626\" class=\"accordions-lazy\" accordionsId=\"1626\">\r\n                    <\/div>\r\n\r\n    <div class=\"items\"  style=\"display:none\" >\r\n    \r\n            <div post_id=\"1626\" itemcount=\"0\"  header_id=\"header-17462704760\" id=\"header-17462704760\" style=\"\" class=\"accordions-head head17462704760 border-none\" toggle-text=\"\" main-text=\"Werkskonzeption und Struktur: Basis guter Wissensvermittlung\">\r\n                                    <span id=\"accordion-icons-17462704760\" class=\"accordion-icons\">\r\n                        <span class=\"accordion-icon-active accordion-plus\"><i class=\"fa-solid fa-plus\"><\/i><\/span>\r\n                        <span class=\"accordion-icon-inactive accordion-minus\"><i class=\"fa-solid fa-minus\"><\/i><\/span>\r\n                    <\/span>\r\n                    <span id=\"header-text-17462704760\" class=\"accordions-head-title\">Werkskonzeption und Struktur: Basis guter Wissensvermittlung<\/span>\r\n                            <\/div>\r\n            <div class=\"accordion-content content17462704760 border-2px\">\r\n                <ul>\n<li>Umsetzung der Fragestellung<\/li>\n<li>Einl\u00f6sung der angestrebten Themenbreite und -dichte<\/li>\n<li>Zielgruppengerechtigkeit<\/li>\n<li>Logische und aussagekr\u00e4ftige Gliederung<\/li>\n<li>\u00dcberschriften und Beschriftungen<\/li>\n<li>Formale Aspekte: Zitate, Tabellenaufbau, Literaturverzeichnis etc.<\/li>\n<li>...<\/li>\n<\/ul>\n            <\/div>\r\n    \r\n            <div post_id=\"1626\" itemcount=\"1\"  header_id=\"header-17462704761\" id=\"header-17462704761\" style=\"\" class=\"accordions-head head17462704761 border-none\" toggle-text=\"\" main-text=\"Textarbeit: Einl\u00f6sung des festgelegten Anspruchs\">\r\n                                    <span id=\"accordion-icons-17462704761\" class=\"accordion-icons\">\r\n                        <span class=\"accordion-icon-active accordion-plus\"><i class=\"fa-solid fa-plus\"><\/i><\/span>\r\n                        <span class=\"accordion-icon-inactive accordion-minus\"><i class=\"fa-solid fa-minus\"><\/i><\/span>\r\n                    <\/span>\r\n                    <span id=\"header-text-17462704761\" class=\"accordions-head-title\">Textarbeit: Einl\u00f6sung des festgelegten Anspruchs<\/span>\r\n                            <\/div>\r\n            <div class=\"accordion-content content17462704761 border-2px\">\r\n                <ul>\n<li>Aufbau: F\u00fchrung durch das Thema, Einhaltung der gew\u00e4hlten Gliederung<\/li>\n<li>Textstrukturierung: Satzaufbau, Satzl\u00e4ngen, Untergliederung, Absatzverteilung\n<\/li>\n<li>Sprachliche Verst\u00e4ndlichkeit: klare, eindeutige Formulierungen<\/li>\n<li>Gute Lesbarkeit: unmissverst\u00e4ndliches,  sach- und zielgruppengerechtes Wording\n<\/li>\n<li>Stil: Einhaltung des gew\u00e4hlten Sprachduktus, Passung zu Sachgebiet und Adressatenkreis\n<\/li>\n<li>Logik, Koh\u00e4renz: \u00dcberpr\u00fcfung der Folgerichtigkeit von Erkl\u00e4rungen und Argumentationsketten\n<\/li>\n<li>Redundanzen: Themendoppelung, Mehrfacherkl\u00e4rungen, Begriffs\u00fcberschneidungen\n<\/li>\n<li>Fehlstellen: Aufdeckung von L\u00fccken\/fehlenden Erkl\u00e4rungen, irrt\u00fcmlichem Voraussetzen von Vorkenntnissen, ...\n<\/li>\n<li>Sachliche M\u00e4ngel: veraltete Quellen, falsche oder unzureichende Erkl\u00e4rungen<\/li>\n<li>Systemfehler: Feststellung inhaltlicher oder aus dem Zusammenhang entstehender M\u00e4ngel und Widerspr\u00fcche\n<\/li>\n<li>Technische Defizite: fehlerhafte Quellen, nicht funktionierende Links<\/li>\n<li>...<\/li>\n<\/ul>\n<p>\u00a0<\/p>\n<h6>> Beim Lektorat von Texten wird im Zuge der Bearbeitung immer auch ein Gro\u00dfteil der vorhandenen Rechtschreib- bzw. Satzfehler entfernt. Dies kann jedoch ein abschlie\u00dfendes Korrektorat niemals ersetzen, da der Fokus der Arbeit im Lektorat auf der Textqualit\u00e4t liegt. Zudem entstehen bei intensiver Textarbeit allein aus technischen Gr\u00fcnden im Normalfall einige neue Satz- und Grammatikfehler, die im Anschluss entfernt werden m\u00fcssen. Verzichtbar ist ein abschlie\u00dfender Korrekturgang allenfalls bei sehr eingeschr\u00e4nkten Lektoratsaufgaben.<\/h6>\n            <\/div>\r\n    <\/div>\r\n\r\n\r\n\r\n\r\n            <\/div><\/div>\n\t\t\t\t\t\t<\/div>\n\t\t\t\t<\/div>\n\t\t\t\t<div class=\"elementor-element elementor-element-bd44892 elementor-widget-divider--view-line elementor-widget elementor-widget-divider\" data-id=\"bd44892\" data-element_type=\"widget\" data-e-type=\"widget\" data-widget_type=\"divider.default\">\n\t\t\t\t<div class=\"elementor-widget-container\">\n\t\t\t\t\t\t\t<div class=\"elementor-divider\">\n\t\t\t<span class=\"elementor-divider-separator\">\n\t\t\t\t\t\t<\/span>\n\t\t<\/div>\n\t\t\t\t\t\t<\/div>\n\t\t\t\t<\/div>\n\t\t\t\t<div class=\"elementor-element elementor-element-28162b0d elementor-hidden-mobile elementor-widget elementor-widget-shortcode\" data-id=\"28162b0d\" data-element_type=\"widget\" data-e-type=\"widget\" data-widget_type=\"shortcode.default\">\n\t\t\t\t<div class=\"elementor-widget-container\">\n\t\t\t\t\t\t\t<div class=\"elementor-shortcode\"><div id=\"accordions-1632\" class=\"accordions-1632 accordions\" data-accordions={&quot;lazyLoad&quot;:true,&quot;id&quot;:&quot;1632&quot;,&quot;event&quot;:&quot;click&quot;,&quot;collapsible&quot;:&quot;true&quot;,&quot;heightStyle&quot;:&quot;content&quot;,&quot;animateStyle&quot;:&quot;swing&quot;,&quot;animateDelay&quot;:&quot;600&quot;,&quot;navigation&quot;:true,&quot;active&quot;:999,&quot;expandedOther&quot;:&quot;no&quot;,&quot;URLHash&quot;:&quot;yes&quot;,&quot;headerToggle&quot;:&quot;no&quot;,&quot;scrollTop&quot;:&quot;yes&quot;,&quot;scrollTopOffset&quot;:100,&quot;stats&quot;:&quot;no&quot;}>\r\n                <div id=\"accordions-lazy-1632\" class=\"accordions-lazy\" accordionsId=\"1632\">\r\n                    <\/div>\r\n\r\n    <div class=\"items\"  style=\"display:none\" >\r\n    \r\n            <div post_id=\"1632\" itemcount=\"0\"  header_id=\"header-17467183000\" id=\"header-17467183000\" style=\"\" class=\"accordions-head head17467183000 border-none\" toggle-text=\"\" main-text=\"Themenbereiche\/Erfahrungsschwerpunkte\">\r\n                                    <span id=\"accordion-icons-17467183000\" class=\"accordion-icons\">\r\n                        <span class=\"accordion-icon-active accordion-plus\"><i class=\"fa-solid fa-plus\"><\/i><\/span>\r\n                        <span class=\"accordion-icon-inactive accordion-minus\"><i class=\"fa-solid fa-minus\"><\/i><\/span>\r\n                    <\/span>\r\n                    <span id=\"header-text-17467183000\" class=\"accordions-head-title\">Themenbereiche\/Erfahrungsschwerpunkte<\/span>\r\n                            <\/div>\r\n            <div class=\"accordion-content content17467183000 border-2px\">\r\n                <p>Die Arbeitsfelder im Sachbuchlektorat sind naturgem\u00e4\u00df weit gestreut. Nachfolgend finden Sie einige Bereiche, in denen <i>die textreinigung<\/i> in besonderem Umfang t\u00e4tig war. Die Regeln guter und verst\u00e4ndlicher Textgestaltung lassen sich aber selbstredend auf unendlich viele weitere Wissensbereiche anwenden.<\/p>\n<ul>\n<li>Reiseliteratur\/Ratgeber<\/li>\n<li>Arbeitsorganisation<\/li>\n<li>Arbeitsrecht<\/li>\n<li>Coaching<\/li>\n<li>IT-Servicemanagement<\/li>\n<li>Insolvenz<\/li>\n<li>Mitarbeiterf\u00fchrung<\/li>\n<li>Selbstmanagement<\/li>\n<li>...<\/li>\n<\/ul>\n            <\/div>\r\n    <\/div>\r\n\r\n\r\n\r\n\r\n            <\/div><\/div>\n\t\t\t\t\t\t<\/div>\n\t\t\t\t<\/div>\n\t\t\t\t<div class=\"elementor-element elementor-element-6da4214 elementor-hidden-desktop elementor-hidden-tablet elementor-widget elementor-widget-shortcode\" data-id=\"6da4214\" data-element_type=\"widget\" data-e-type=\"widget\" data-widget_type=\"shortcode.default\">\n\t\t\t\t<div class=\"elementor-widget-container\">\n\t\t\t\t\t\t\t<div class=\"elementor-shortcode\"><div id=\"accordions-11741\" class=\"accordions-11741 accordions\" data-accordions={&quot;lazyLoad&quot;:true,&quot;id&quot;:&quot;11741&quot;,&quot;event&quot;:&quot;click&quot;,&quot;collapsible&quot;:&quot;true&quot;,&quot;heightStyle&quot;:&quot;content&quot;,&quot;animateStyle&quot;:&quot;swing&quot;,&quot;animateDelay&quot;:&quot;600&quot;,&quot;navigation&quot;:true,&quot;active&quot;:999,&quot;expandedOther&quot;:&quot;no&quot;,&quot;URLHash&quot;:&quot;yes&quot;,&quot;headerToggle&quot;:&quot;no&quot;,&quot;scrollTop&quot;:&quot;yes&quot;,&quot;scrollTopOffset&quot;:100,&quot;stats&quot;:&quot;no&quot;}>\r\n                <div id=\"accordions-lazy-11741\" class=\"accordions-lazy\" accordionsId=\"11741\">\r\n                    <\/div>\r\n\r\n    <div class=\"items\"  style=\"display:none\" >\r\n    \r\n            <div post_id=\"11741\" itemcount=\"0\"  header_id=\"header-17462664830\" id=\"header-17462664830\" style=\"\" class=\"accordions-head head17462664830 border-none\" toggle-text=\"\" main-text=\"Themenbereiche\/&lt;br \/&gt;Erfahrungsschwerpunkte\">\r\n                                    <span id=\"accordion-icons-17462664830\" class=\"accordion-icons\">\r\n                        <span class=\"accordion-icon-active accordion-plus\"><i class=\"fa-solid fa-plus\"><\/i><\/span>\r\n                        <span class=\"accordion-icon-inactive accordion-minus\"><i class=\"fa-solid fa-minus\"><\/i><\/span>\r\n                    <\/span>\r\n                    <span id=\"header-text-17462664830\" class=\"accordions-head-title\">Themenbereiche\/<br \/>Erfahrungsschwerpunkte<\/span>\r\n                            <\/div>\r\n            <div class=\"accordion-content content17462664830 border-2px\">\r\n                <p>Die Arbeitsfelder im Sachbuchlektorat sind naturgem\u00e4\u00df weit gestreut. Nachfolgend finden Sie einige Bereiche, in denen <i>die textreinigung<\/i> in besonderem Umfang t\u00e4tig war. Die Regeln guter und verst\u00e4ndlicher Textgestaltung lassen sich aber selbstredend auf unendlich viele weitere Wissensbereiche anwenden.<\/p>\n<ul>\n<li>Reiseliteratur\/Ratgeber<\/li>\n<li>Arbeitsorganisation<\/li>\n<li>Arbeitsrecht<\/li>\n<li>Coaching<\/li>\n<li>IT-Servicemanagement<\/li>\n<li>Insolvenz<\/li>\n<li>Mitarbeiterf\u00fchrung<\/li>\n<li>Selbstmanagement<\/li>\n<li>...<\/li>\n<\/ul>\n            <\/div>\r\n    <\/div>\r\n\r\n\r\n\r\n\r\n            <\/div><\/div>\n\t\t\t\t\t\t<\/div>\n\t\t\t\t<\/div>\n\t\t\t\t\t<\/div>\n\t\t\t\t<\/div>\n\t\t\t\t<\/div>\n\t\t","protected":false},"excerpt":{"rendered":"<p>Ratgeber- und Sachbuchlektorat Ratgeber- und Sachbuch- lektorat Beim Sachbuchlektorat, von Verlagsseite oft auch als Redaktion bezeichnet, geht es zuallererst um die sach- und adressatengerechte Umsetzung und Vermittlung des Themas. Dabei steht die Arbeit direkt am Text naturgem\u00e4\u00df im Mittelpunkt. Aber auch hier k\u00f6nnen Dinge wie eine gute Gliederung, die F\u00fchrung durch das Buch \u00fcber eine [&hellip;]<\/p>\n","protected":false},"author":1,"featured_media":0,"parent":0,"menu_order":0,"comment_status":"closed","ping_status":"closed","template":"","meta":{"footnotes":""},"class_list":["post-187","page","type-page","status-publish","hentry"],"yoast_head":"<!-- This site is optimized with the Yoast SEO plugin v27.4 - https:\/\/yoast.com\/product\/yoast-seo-wordpress\/ -->\n<title>die textreinigung. Berliner Lektorat f\u00fcr adressatengerechte Wissensvermittlung<\/title>\n<meta name=\"description\" content=\"Im Sachbuchlektorat k\u00fcmmern wir uns um die sachgerechte und erfolgreiche Vermittlung des Themas \u2013 sei es f\u00fcr Kinder, motivierte Laien oder Profis des Fachs.\" \/>\n<meta name=\"robots\" content=\"index, follow, max-snippet:-1, max-image-preview:large, max-video-preview:-1\" \/>\n<link rel=\"canonical\" href=\"https:\/\/www.die-textreinigung.de\/de\/sachbuchlektorat\/\" \/>\n<meta property=\"og:locale\" content=\"de_DE\" \/>\n<meta property=\"og:type\" content=\"article\" \/>\n<meta property=\"og:title\" content=\"die textreinigung. Berliner Lektorat f\u00fcr adressatengerechte Wissensvermittlung\" \/>\n<meta property=\"og:description\" content=\"Im Sachbuchlektorat k\u00fcmmern wir uns um die sachgerechte und erfolgreiche Vermittlung des Themas \u2013 sei es f\u00fcr Kinder, motivierte Laien oder Profis des Fachs.\" \/>\n<meta property=\"og:url\" content=\"https:\/\/www.die-textreinigung.de\/de\/sachbuchlektorat\/\" \/>\n<meta property=\"og:site_name\" content=\"die textreinigung\" \/>\n<meta property=\"article:modified_time\" content=\"2025-05-16T15:45:53+00:00\" \/>\n<meta name=\"twitter:card\" content=\"summary_large_image\" \/>\n<meta name=\"twitter:label1\" content=\"Gesch\u00e4tzte Lesezeit\" \/>\n\t<meta name=\"twitter:data1\" content=\"1\u00a0Minute\" \/>\n<script type=\"application\/ld+json\" class=\"yoast-schema-graph\">{\"@context\":\"https:\\\/\\\/schema.org\",\"@graph\":[{\"@type\":\"WebPage\",\"@id\":\"https:\\\/\\\/www.die-textreinigung.de\\\/de\\\/sachbuchlektorat\\\/\",\"url\":\"https:\\\/\\\/www.die-textreinigung.de\\\/de\\\/sachbuchlektorat\\\/\",\"name\":\"die textreinigung. Berliner Lektorat f\u00fcr adressatengerechte Wissensvermittlung\",\"isPartOf\":{\"@id\":\"https:\\\/\\\/www.die-textreinigung.de\\\/de\\\/#website\"},\"datePublished\":\"2025-04-20T13:21:13+00:00\",\"dateModified\":\"2025-05-16T15:45:53+00:00\",\"description\":\"Im Sachbuchlektorat k\u00fcmmern wir uns um die sachgerechte und erfolgreiche Vermittlung des Themas \u2013 sei es f\u00fcr Kinder, motivierte Laien oder Profis des Fachs.\",\"breadcrumb\":{\"@id\":\"https:\\\/\\\/www.die-textreinigung.de\\\/de\\\/sachbuchlektorat\\\/#breadcrumb\"},\"inLanguage\":\"de\",\"potentialAction\":[{\"@type\":\"ReadAction\",\"target\":[\"https:\\\/\\\/www.die-textreinigung.de\\\/de\\\/sachbuchlektorat\\\/\"]}]},{\"@type\":\"BreadcrumbList\",\"@id\":\"https:\\\/\\\/www.die-textreinigung.de\\\/de\\\/sachbuchlektorat\\\/#breadcrumb\",\"itemListElement\":[{\"@type\":\"ListItem\",\"position\":1,\"name\":\"Startseite\",\"item\":\"https:\\\/\\\/www.die-textreinigung.de\\\/de\\\/\"},{\"@type\":\"ListItem\",\"position\":2,\"name\":\"Ratgeber- und Sachbuchlektorat\"}]},{\"@type\":\"WebSite\",\"@id\":\"https:\\\/\\\/www.die-textreinigung.de\\\/de\\\/#website\",\"url\":\"https:\\\/\\\/www.die-textreinigung.de\\\/de\\\/\",\"name\":\"die textreinigung\",\"description\":\"korrigiert. lektoriert. gestaltet.\",\"publisher\":{\"@id\":\"https:\\\/\\\/www.die-textreinigung.de\\\/de\\\/#organization\"},\"potentialAction\":[{\"@type\":\"SearchAction\",\"target\":{\"@type\":\"EntryPoint\",\"urlTemplate\":\"https:\\\/\\\/www.die-textreinigung.de\\\/de\\\/?s={search_term_string}\"},\"query-input\":{\"@type\":\"PropertyValueSpecification\",\"valueRequired\":true,\"valueName\":\"search_term_string\"}}],\"inLanguage\":\"de\"},{\"@type\":\"Organization\",\"@id\":\"https:\\\/\\\/www.die-textreinigung.de\\\/de\\\/#organization\",\"name\":\"die textreinigung\",\"url\":\"https:\\\/\\\/www.die-textreinigung.de\\\/de\\\/\",\"logo\":{\"@type\":\"ImageObject\",\"inLanguage\":\"de\",\"@id\":\"https:\\\/\\\/www.die-textreinigung.de\\\/de\\\/#\\\/schema\\\/logo\\\/image\\\/\",\"url\":\"https:\\\/\\\/www.die-textreinigung.de\\\/de\\\/wp-content\\\/uploads\\\/2025\\\/04\\\/favicon.png\",\"contentUrl\":\"https:\\\/\\\/www.die-textreinigung.de\\\/de\\\/wp-content\\\/uploads\\\/2025\\\/04\\\/favicon.png\",\"width\":513,\"height\":513,\"caption\":\"die textreinigung\"},\"image\":{\"@id\":\"https:\\\/\\\/www.die-textreinigung.de\\\/de\\\/#\\\/schema\\\/logo\\\/image\\\/\"}}]}<\/script>\n<!-- \/ Yoast SEO plugin. -->","yoast_head_json":{"title":"die textreinigung. Berliner Lektorat f\u00fcr adressatengerechte Wissensvermittlung","description":"Im Sachbuchlektorat k\u00fcmmern wir uns um die sachgerechte und erfolgreiche Vermittlung des Themas \u2013 sei es f\u00fcr Kinder, motivierte Laien oder Profis des Fachs.","robots":{"index":"index","follow":"follow","max-snippet":"max-snippet:-1","max-image-preview":"max-image-preview:large","max-video-preview":"max-video-preview:-1"},"canonical":"https:\/\/www.die-textreinigung.de\/de\/sachbuchlektorat\/","og_locale":"de_DE","og_type":"article","og_title":"die textreinigung. Berliner Lektorat f\u00fcr adressatengerechte Wissensvermittlung","og_description":"Im Sachbuchlektorat k\u00fcmmern wir uns um die sachgerechte und erfolgreiche Vermittlung des Themas \u2013 sei es f\u00fcr Kinder, motivierte Laien oder Profis des Fachs.","og_url":"https:\/\/www.die-textreinigung.de\/de\/sachbuchlektorat\/","og_site_name":"die textreinigung","article_modified_time":"2025-05-16T15:45:53+00:00","twitter_card":"summary_large_image","twitter_misc":{"Gesch\u00e4tzte Lesezeit":"1\u00a0Minute"},"schema":{"@context":"https:\/\/schema.org","@graph":[{"@type":"WebPage","@id":"https:\/\/www.die-textreinigung.de\/de\/sachbuchlektorat\/","url":"https:\/\/www.die-textreinigung.de\/de\/sachbuchlektorat\/","name":"die textreinigung. Berliner Lektorat f\u00fcr adressatengerechte Wissensvermittlung","isPartOf":{"@id":"https:\/\/www.die-textreinigung.de\/de\/#website"},"datePublished":"2025-04-20T13:21:13+00:00","dateModified":"2025-05-16T15:45:53+00:00","description":"Im Sachbuchlektorat k\u00fcmmern wir uns um die sachgerechte und erfolgreiche Vermittlung des Themas \u2013 sei es f\u00fcr Kinder, motivierte Laien oder Profis des Fachs.","breadcrumb":{"@id":"https:\/\/www.die-textreinigung.de\/de\/sachbuchlektorat\/#breadcrumb"},"inLanguage":"de","potentialAction":[{"@type":"ReadAction","target":["https:\/\/www.die-textreinigung.de\/de\/sachbuchlektorat\/"]}]},{"@type":"BreadcrumbList","@id":"https:\/\/www.die-textreinigung.de\/de\/sachbuchlektorat\/#breadcrumb","itemListElement":[{"@type":"ListItem","position":1,"name":"Startseite","item":"https:\/\/www.die-textreinigung.de\/de\/"},{"@type":"ListItem","position":2,"name":"Ratgeber- und Sachbuchlektorat"}]},{"@type":"WebSite","@id":"https:\/\/www.die-textreinigung.de\/de\/#website","url":"https:\/\/www.die-textreinigung.de\/de\/","name":"die textreinigung","description":"korrigiert. lektoriert. gestaltet.","publisher":{"@id":"https:\/\/www.die-textreinigung.de\/de\/#organization"},"potentialAction":[{"@type":"SearchAction","target":{"@type":"EntryPoint","urlTemplate":"https:\/\/www.die-textreinigung.de\/de\/?s={search_term_string}"},"query-input":{"@type":"PropertyValueSpecification","valueRequired":true,"valueName":"search_term_string"}}],"inLanguage":"de"},{"@type":"Organization","@id":"https:\/\/www.die-textreinigung.de\/de\/#organization","name":"die textreinigung","url":"https:\/\/www.die-textreinigung.de\/de\/","logo":{"@type":"ImageObject","inLanguage":"de","@id":"https:\/\/www.die-textreinigung.de\/de\/#\/schema\/logo\/image\/","url":"https:\/\/www.die-textreinigung.de\/de\/wp-content\/uploads\/2025\/04\/favicon.png","contentUrl":"https:\/\/www.die-textreinigung.de\/de\/wp-content\/uploads\/2025\/04\/favicon.png","width":513,"height":513,"caption":"die textreinigung"},"image":{"@id":"https:\/\/www.die-textreinigung.de\/de\/#\/schema\/logo\/image\/"}}]}},"_links":{"self":[{"href":"https:\/\/www.die-textreinigung.de\/de\/wp-json\/wp\/v2\/pages\/187","targetHints":{"allow":["GET"]}}],"collection":[{"href":"https:\/\/www.die-textreinigung.de\/de\/wp-json\/wp\/v2\/pages"}],"about":[{"href":"https:\/\/www.die-textreinigung.de\/de\/wp-json\/wp\/v2\/types\/page"}],"author":[{"embeddable":true,"href":"https:\/\/www.die-textreinigung.de\/de\/wp-json\/wp\/v2\/users\/1"}],"replies":[{"embeddable":true,"href":"https:\/\/www.die-textreinigung.de\/de\/wp-json\/wp\/v2\/comments?post=187"}],"version-history":[{"count":0,"href":"https:\/\/www.die-textreinigung.de\/de\/wp-json\/wp\/v2\/pages\/187\/revisions"}],"wp:attachment":[{"href":"https:\/\/www.die-textreinigung.de\/de\/wp-json\/wp\/v2\/media?parent=187"}],"curies":[{"name":"wp","href":"https:\/\/api.w.org\/{rel}","templated":true}]}}