{"id":189,"date":"2025-04-20T15:23:32","date_gmt":"2025-04-20T13:23:32","guid":{"rendered":"https:\/\/www.die-textreinigung.de\/dev\/?page_id=189"},"modified":"2025-05-16T17:45:27","modified_gmt":"2025-05-16T15:45:27","slug":"lektorat-fuer-firmen-und-institutionen","status":"publish","type":"page","link":"https:\/\/www.die-textreinigung.de\/de\/lektorat-fuer-firmen-und-institutionen\/","title":{"rendered":"Lektorat f\u00fcr Firmen und Institutionen"},"content":{"rendered":"\t\t<div data-elementor-type=\"wp-page\" data-elementor-id=\"189\" class=\"elementor elementor-189\" data-elementor-post-type=\"page\">\n\t\t\t\t\t\t<section class=\"elementor-section elementor-top-section elementor-element elementor-element-330a804d elementor-section-full_width elementor-section-height-min-height elementor-section-items-top elementor-section-content-top elementor-section-height-default\" data-id=\"330a804d\" data-element_type=\"section\" data-e-type=\"section\" data-settings=\"{&quot;background_background&quot;:&quot;classic&quot;,&quot;sticky&quot;:&quot;top&quot;,&quot;sticky_on&quot;:[&quot;desktop&quot;,&quot;tablet&quot;,&quot;mobile&quot;],&quot;sticky_offset&quot;:0,&quot;sticky_effects_offset&quot;:0,&quot;sticky_anchor_link_offset&quot;:0}\">\n\t\t\t\t\t\t\t<div class=\"elementor-background-overlay\"><\/div>\n\t\t\t\t\t\t\t<div class=\"elementor-container elementor-column-gap-no\">\n\t\t\t\t\t<div class=\"elementor-column elementor-col-100 elementor-top-column elementor-element elementor-element-4715858a\" data-id=\"4715858a\" data-element_type=\"column\" data-e-type=\"column\">\n\t\t\t<div class=\"elementor-widget-wrap elementor-element-populated\">\n\t\t\t\t\t\t<section class=\"elementor-section elementor-inner-section elementor-element elementor-element-1506cfbf elementor-section-height-min-height elementor-section-content-bottom elementor-section-boxed elementor-section-height-default\" data-id=\"1506cfbf\" data-element_type=\"section\" data-e-type=\"section\" data-settings=\"{&quot;background_background&quot;:&quot;classic&quot;}\">\n\t\t\t\t\t\t\t<div class=\"elementor-background-overlay\"><\/div>\n\t\t\t\t\t\t\t<div class=\"elementor-container elementor-column-gap-no\">\n\t\t\t\t\t<div class=\"elementor-column elementor-col-100 elementor-inner-column elementor-element elementor-element-3f1bee78\" data-id=\"3f1bee78\" data-element_type=\"column\" data-e-type=\"column\">\n\t\t\t<div class=\"elementor-widget-wrap elementor-element-populated\">\n\t\t\t\t\t\t<div class=\"elementor-element elementor-element-9f9ba54 elementor-hidden-mobile elementor-hidden-tablet elementor-widget elementor-widget-heading\" data-id=\"9f9ba54\" data-element_type=\"widget\" data-e-type=\"widget\" data-widget_type=\"heading.default\">\n\t\t\t\t<div class=\"elementor-widget-container\">\n\t\t\t\t\t<h1 class=\"elementor-heading-title elementor-size-default\">Lektorat f\u00fcr Firmen und Institutionen<\/h1>\t\t\t\t<\/div>\n\t\t\t\t<\/div>\n\t\t\t\t<div class=\"elementor-element elementor-element-a4e450d elementor-hidden-mobile elementor-hidden-desktop elementor-widget elementor-widget-heading\" data-id=\"a4e450d\" data-element_type=\"widget\" data-e-type=\"widget\" data-widget_type=\"heading.default\">\n\t\t\t\t<div class=\"elementor-widget-container\">\n\t\t\t\t\t<h1 class=\"elementor-heading-title elementor-size-default\">Lektorat f\u00fcr Firmen<br \/>und Institutionen<\/h1>\t\t\t\t<\/div>\n\t\t\t\t<\/div>\n\t\t\t\t<div class=\"elementor-element elementor-element-718b9143 elementor-hidden-desktop elementor-hidden-tablet elementor-widget elementor-widget-heading\" data-id=\"718b9143\" data-element_type=\"widget\" data-e-type=\"widget\" data-widget_type=\"heading.default\">\n\t\t\t\t<div class=\"elementor-widget-container\">\n\t\t\t\t\t<h1 class=\"elementor-heading-title elementor-size-default\">Lektorat f\u00fcr<br \/>Firmen und<br \/>Institutionen<\/h1>\t\t\t\t<\/div>\n\t\t\t\t<\/div>\n\t\t\t\t\t<\/div>\n\t\t<\/div>\n\t\t\t\t\t<\/div>\n\t\t<\/section>\n\t\t\t\t\t<\/div>\n\t\t<\/div>\n\t\t\t\t\t<\/div>\n\t\t<\/section>\n\t\t<div class=\"elementor-element elementor-element-274b0957 e-flex e-con-boxed e-con e-parent\" data-id=\"274b0957\" data-element_type=\"container\" data-e-type=\"container\">\n\t\t\t\t\t<div class=\"e-con-inner\">\n\t\t\t\t<div class=\"elementor-element elementor-element-628503aa elementor-widget elementor-widget-text-editor\" data-id=\"628503aa\" data-element_type=\"widget\" data-e-type=\"widget\" data-widget_type=\"text-editor.default\">\n\t\t\t\t<div class=\"elementor-widget-container\">\n\t\t\t\t\t\t\t\t\t<p>Firmen wie auch \u00f6ffentliche und private Institutionen k\u00f6nnen an vielen Stellen von einem Lektorat profitieren. Alle Formen von schriftlichen Ver\u00f6ffentlichungen sollten sorgsam erarbeitet und formuliert sein, um ein positives Bild der Institution in die \u00d6ffentlichkeit zu tragen. Dabei ist es ein verbreiteter Irrtum zu glauben, es k\u00e4me nur auf die Fehlerfreiheit von Texten an (die nat\u00fcrlich ebenfalls unabdingbar dazugeh\u00f6rt). Um Ihre Botschaft optimal zu transportieren, sollten die Texte Ihrer Ver\u00f6ffentlichungen vielmehr eine wirklich gute Qualit\u00e4t haben und Ihr Image auf allen Ebenen unterst\u00fctzen und nach au\u00dfen tragen.<\/p>\t\t\t\t\t\t\t\t<\/div>\n\t\t\t\t<\/div>\n\t\t\t\t<div class=\"elementor-element elementor-element-450f11b1 elementor-widget-divider--view-line elementor-widget elementor-widget-divider\" data-id=\"450f11b1\" data-element_type=\"widget\" data-e-type=\"widget\" data-widget_type=\"divider.default\">\n\t\t\t\t<div class=\"elementor-widget-container\">\n\t\t\t\t\t\t\t<div class=\"elementor-divider\">\n\t\t\t<span class=\"elementor-divider-separator\">\n\t\t\t\t\t\t<\/span>\n\t\t<\/div>\n\t\t\t\t\t\t<\/div>\n\t\t\t\t<\/div>\n\t\t\t\t<div class=\"elementor-element elementor-element-384c20fd elementor-widget elementor-widget-shortcode\" data-id=\"384c20fd\" data-element_type=\"widget\" data-e-type=\"widget\" data-widget_type=\"shortcode.default\">\n\t\t\t\t<div class=\"elementor-widget-container\">\n\t\t\t\t\t\t\t<div class=\"elementor-shortcode\"><div id=\"accordions-1638\" class=\"accordions-1638 accordions\" data-accordions={&quot;lazyLoad&quot;:true,&quot;id&quot;:&quot;1638&quot;,&quot;event&quot;:&quot;click&quot;,&quot;collapsible&quot;:&quot;true&quot;,&quot;heightStyle&quot;:&quot;content&quot;,&quot;animateStyle&quot;:&quot;swing&quot;,&quot;animateDelay&quot;:&quot;600&quot;,&quot;navigation&quot;:true,&quot;active&quot;:999,&quot;expandedOther&quot;:&quot;no&quot;,&quot;URLHash&quot;:&quot;yes&quot;,&quot;headerToggle&quot;:&quot;no&quot;,&quot;scrollTop&quot;:&quot;no&quot;,&quot;scrollTopOffset&quot;:100,&quot;stats&quot;:&quot;no&quot;}>\r\n                <div id=\"accordions-lazy-1638\" class=\"accordions-lazy\" accordionsId=\"1638\">\r\n                    <\/div>\r\n\r\n    <div class=\"items\"  style=\"display:none\" >\r\n    \r\n            <div post_id=\"1638\" itemcount=\"0\"  header_id=\"header-17462676350\" id=\"header-17462676350\" style=\"\" class=\"accordions-head head17462676350 border-none\" toggle-text=\"\" main-text=\"M\u00f6gliche Komponenten des Textlektorats\">\r\n                                    <span id=\"accordion-icons-17462676350\" class=\"accordion-icons\">\r\n                        <span class=\"accordion-icon-active accordion-plus\"><i class=\"fa-solid fa-plus\"><\/i><\/span>\r\n                        <span class=\"accordion-icon-inactive accordion-minus\"><i class=\"fa-solid fa-minus\"><\/i><\/span>\r\n                    <\/span>\r\n                    <span id=\"header-text-17462676350\" class=\"accordions-head-title\">M\u00f6gliche Komponenten des Textlektorats<\/span>\r\n                            <\/div>\r\n            <div class=\"accordion-content content17462676350 border-2px\">\r\n                <ul>\n<li>Inhaltliche Qualit\u00e4t<\/li>\n<li>Einheitliche Gestaltung<\/li>\n<li>\u00dcbersichtliche und klare Gliederung<\/li>\n<li>Korrektes und passendes Wording<\/li>\n<li>Stil- und Zielgruppengerechtigkeit<\/li>\n<li>Klare und eindeutige Formulierungen<\/li>\n<li>Verst\u00e4ndlichkeit<\/li>\n<li>Anschaulichkeit<\/li>\n<li>Einheitlichkeit: Begriffsverwendung und Schreibweisen<\/li>\n<li>Pr\u00fcfung auf inhaltliche\/logische Fehler<\/li>\n<li>...<\/li>\n<\/ul>\n<p>&nbsp;<\/p>\n<h6>> Beim Lektorat von Texten wird im Zuge der Bearbeitung immer auch ein Gro\u00dfteil der vorhandenen Rechtschreib- bzw. Satzfehler entfernt. Dies kann jedoch ein abschlie\u00dfendes Korrektorat niemals ersetzen, da der Fokus der Arbeit im Lektorat auf der Textqualit\u00e4t liegt. Zudem entstehen bei intensiver Textarbeit allein aus technischen Gr\u00fcnden im Normalfall einige neue Satz- und Grammatikfehler, die im Anschluss entfernt werden m\u00fcssen. Verzichtbar ist ein abschlie\u00dfender Korrekturgang allenfalls bei sehr eingeschr\u00e4nkten Lektoratsaufgaben.<\/h6>\n            <\/div>\r\n    \r\n            <div post_id=\"1638\" itemcount=\"1\"  header_id=\"header-17462676351\" id=\"header-17462676351\" style=\"\" class=\"accordions-head head17462676351 border-none\" toggle-text=\"\" main-text=\"Werbelektorat\">\r\n                                    <span id=\"accordion-icons-17462676351\" class=\"accordion-icons\">\r\n                        <span class=\"accordion-icon-active accordion-plus\"><i class=\"fa-solid fa-plus\"><\/i><\/span>\r\n                        <span class=\"accordion-icon-inactive accordion-minus\"><i class=\"fa-solid fa-minus\"><\/i><\/span>\r\n                    <\/span>\r\n                    <span id=\"header-text-17462676351\" class=\"accordions-head-title\">Werbelektorat<\/span>\r\n                            <\/div>\r\n            <div class=\"accordion-content content17462676351 border-2px\">\r\n                <p>Das Werbelektorat ist ein ganz eigenes Arbeitsfeld, da es hier darauf ankommt, eine Botschaft genau auf den Punkt zu bringen \u2013 oftmals mit nur wenigen Worten. Hier ist eine wirklich umfassende Besch\u00e4ftigung mit den Inhalten und ihrer Umsetzung gefragt, die nicht selten \u00fcber mehrere Runden gehen kann. Eine enge und offene Zusammenarbeit zwischen Auftraggeber\/in und Lektorat wird hier die besten Ergebnisse erbringen. Im Einzelnen kommt es auf folgende Punkte besonders an:<\/p>\n<ul>\n<li>Sprachliche Qualit\u00e4t des Werbetextes<\/li>\n<li>Botschaft<\/li>\n<li>Werbliche Sprache<\/li>\n<li>Faktenkorrektheit<\/li>\n<li>Zielgruppengerechtigkeit<\/li>\n<li>Beurteilung der grafischen Wirkung<\/li>\n<li>Abschlie\u00dfende Fehlerkorrektur<\/li>\n<li>...<\/li>\n<\/ul>\n<p>&nbsp;<\/p>\n<h6>> Beim Lektorat von Texten wird im Zuge der Bearbeiung immer auch einen Gro\u00dfteil der vorhandenen Rechtschreib- bzw. Satzfehler entfernt. Dies kann jedoch ein abschlie\u00dfendes Korrektorat niemals ersetzen, da der Fokus der Arbeit im Lektorat auf der Textqualit\u00e4t liegt. Zudem entstehen bei intensiver Textarbeit allein aus technischen Gr\u00fcnden im Normalfall neue Satz- und Grammatikfehler, die im Anschluss entfernt werden m\u00fcssen. Verzichtbar ist ein abschlie\u00dfender Korrekturgang allenfalls bei sehr eingeschr\u00e4nkten Lektoratsaufgaben.<\/h6>\n            <\/div>\r\n    \r\n            <div post_id=\"1638\" itemcount=\"2\"  header_id=\"header-17462676352\" id=\"header-17462676352\" style=\"\" class=\"accordions-head head17462676352 border-none\" toggle-text=\"\" main-text=\"Visuelle Aspekte\">\r\n                                    <span id=\"accordion-icons-17462676352\" class=\"accordion-icons\">\r\n                        <span class=\"accordion-icon-active accordion-plus\"><i class=\"fa-solid fa-plus\"><\/i><\/span>\r\n                        <span class=\"accordion-icon-inactive accordion-minus\"><i class=\"fa-solid fa-minus\"><\/i><\/span>\r\n                    <\/span>\r\n                    <span id=\"header-text-17462676352\" class=\"accordions-head-title\">Visuelle Aspekte<\/span>\r\n                            <\/div>\r\n            <div class=\"accordion-content content17462676352 border-2px\">\r\n                <p>Auch der perfekteste Text ist f\u00fcr eine erfolgreiche Breitenwahrnehmung auf eine gelungene grafische Umsetzung angewiesen. Mehr zu diesem Thema finden Sie unter dem Punkt <span style=\"color: #f7971e\"><a style=\"color: #f7971e\" href=\"https:\/\/www.die-textreinigung.de\/de\/texterstellung-und-gestaltung\/#Textgestaltung\" rel=\"noopener\">Textdesign<\/a><\/span>.<\/p>\n            <\/div>\r\n    <\/div>\r\n\r\n\r\n\r\n\r\n            <\/div><\/div>\n\t\t\t\t\t\t<\/div>\n\t\t\t\t<\/div>\n\t\t\t\t<div class=\"elementor-element elementor-element-4c69e47e elementor-widget-divider--view-line elementor-widget elementor-widget-divider\" data-id=\"4c69e47e\" data-element_type=\"widget\" data-e-type=\"widget\" data-widget_type=\"divider.default\">\n\t\t\t\t<div class=\"elementor-widget-container\">\n\t\t\t\t\t\t\t<div class=\"elementor-divider\">\n\t\t\t<span class=\"elementor-divider-separator\">\n\t\t\t\t\t\t<\/span>\n\t\t<\/div>\n\t\t\t\t\t\t<\/div>\n\t\t\t\t<\/div>\n\t\t\t\t<div class=\"elementor-element elementor-element-d857913 elementor-widget elementor-widget-shortcode\" data-id=\"d857913\" data-element_type=\"widget\" data-e-type=\"widget\" data-widget_type=\"shortcode.default\">\n\t\t\t\t<div class=\"elementor-widget-container\">\n\t\t\t\t\t\t\t<div class=\"elementor-shortcode\"><div id=\"accordions-1650\" class=\"accordions-1650 accordions\" data-accordions={&quot;lazyLoad&quot;:true,&quot;id&quot;:&quot;1650&quot;,&quot;event&quot;:&quot;click&quot;,&quot;collapsible&quot;:&quot;true&quot;,&quot;heightStyle&quot;:&quot;content&quot;,&quot;animateStyle&quot;:&quot;swing&quot;,&quot;animateDelay&quot;:&quot;600&quot;,&quot;navigation&quot;:true,&quot;active&quot;:999,&quot;expandedOther&quot;:&quot;no&quot;,&quot;URLHash&quot;:&quot;yes&quot;,&quot;headerToggle&quot;:&quot;no&quot;,&quot;scrollTop&quot;:&quot;yes&quot;,&quot;scrollTopOffset&quot;:100,&quot;stats&quot;:&quot;no&quot;}>\r\n                <div id=\"accordions-lazy-1650\" class=\"accordions-lazy\" accordionsId=\"1650\">\r\n                    <\/div>\r\n\r\n    <div class=\"items\"  style=\"display:none\" >\r\n    \r\n            <div post_id=\"1650\" itemcount=\"0\"  header_id=\"header-17462707560\" id=\"header-17462707560\" style=\"\" class=\"accordions-head head17462707560 border-none\" toggle-text=\"\" main-text=\"Arbeitsfelder: Pr\u00e4sentation und Kommunikation\">\r\n                                    <span id=\"accordion-icons-17462707560\" class=\"accordion-icons\">\r\n                        <span class=\"accordion-icon-active accordion-plus\"><i class=\"fa-solid fa-plus\"><\/i><\/span>\r\n                        <span class=\"accordion-icon-inactive accordion-minus\"><i class=\"fa-solid fa-minus\"><\/i><\/span>\r\n                    <\/span>\r\n                    <span id=\"header-text-17462707560\" class=\"accordions-head-title\">Arbeitsfelder: Pr\u00e4sentation und Kommunikation<\/span>\r\n                            <\/div>\r\n            <div class=\"accordion-content content17462707560 border-2px\">\r\n                <ul>\n<li>Brosch\u00fcren<\/li>\n<li>Werkstattberichte<\/li>\n<li>Gutachten<\/li>\n<li>Analysen<\/li>\n<li>Prospekte<\/li>\n<li>Kataloge<\/li>\n<li>Flyer<\/li>\n<li>Werbeartikel<\/li>\n<li>Pr\u00e4sentationsunterlagen<\/li>\n<li>Firmenportr\u00e4ts<\/li>\n<li>Ausstellungstexte<\/li>\n<li>Plakate und Postkarten<\/li>\n<li>Webseitentexte<\/li>\n<li>Contentmanagement<\/li>\n<li>...<\/li>\n<\/ul>\n            <\/div>\r\n    <\/div>\r\n\r\n\r\n\r\n\r\n            <\/div><\/div>\n\t\t\t\t\t\t<\/div>\n\t\t\t\t<\/div>\n\t\t\t\t\t<\/div>\n\t\t\t\t<\/div>\n\t\t\t\t<\/div>\n\t\t","protected":false},"excerpt":{"rendered":"<p>Lektorat f\u00fcr Firmen und Institutionen Lektorat f\u00fcr Firmen und Institutionen Lektorat f\u00fcr Firmen und Institutionen Firmen wie auch \u00f6ffentliche und private Institutionen k\u00f6nnen an vielen Stellen von einem Lektorat profitieren. Alle Formen von schriftlichen Ver\u00f6ffentlichungen sollten sorgsam erarbeitet und formuliert sein, um ein positives Bild der Institution in die \u00d6ffentlichkeit zu tragen. Dabei ist es [&hellip;]<\/p>\n","protected":false},"author":1,"featured_media":0,"parent":0,"menu_order":0,"comment_status":"closed","ping_status":"closed","template":"","meta":{"footnotes":""},"class_list":["post-189","page","type-page","status-publish","hentry"],"yoast_head":"<!-- This site is optimized with the Yoast SEO plugin v27.5 - https:\/\/yoast.com\/product\/yoast-seo-wordpress\/ -->\n<title>die textreinigung. Professionelles Lektorat f\u00fcr Firmen und Werbelektorat<\/title>\n<meta name=\"description\" content=\"Vertrauen Sie uns Ihre Texte an, bevor sie die Welt sieht. Wir sorgen f\u00fcr adressatengerechte, fehlerfreie Formulierungen \u2013 unabdingbar f\u00fcr Ihr gutes Image.\" \/>\n<meta name=\"robots\" content=\"index, follow, max-snippet:-1, max-image-preview:large, max-video-preview:-1\" \/>\n<link rel=\"canonical\" href=\"https:\/\/www.die-textreinigung.de\/de\/lektorat-fuer-firmen-und-institutionen\/\" \/>\n<meta property=\"og:locale\" content=\"de_DE\" \/>\n<meta property=\"og:type\" content=\"article\" \/>\n<meta property=\"og:title\" content=\"die textreinigung. Professionelles Lektorat f\u00fcr Firmen und Werbelektorat\" \/>\n<meta property=\"og:description\" content=\"Vertrauen Sie uns Ihre Texte an, bevor sie die Welt sieht. Wir sorgen f\u00fcr adressatengerechte, fehlerfreie Formulierungen \u2013 unabdingbar f\u00fcr Ihr gutes Image.\" \/>\n<meta property=\"og:url\" content=\"https:\/\/www.die-textreinigung.de\/de\/lektorat-fuer-firmen-und-institutionen\/\" \/>\n<meta property=\"og:site_name\" content=\"die textreinigung\" \/>\n<meta property=\"article:modified_time\" content=\"2025-05-16T15:45:27+00:00\" \/>\n<meta name=\"twitter:card\" content=\"summary_large_image\" \/>\n<meta name=\"twitter:label1\" content=\"Gesch\u00e4tzte Lesezeit\" \/>\n\t<meta name=\"twitter:data1\" content=\"1\u00a0Minute\" \/>\n<script type=\"application\/ld+json\" class=\"yoast-schema-graph\">{\"@context\":\"https:\\\/\\\/schema.org\",\"@graph\":[{\"@type\":\"WebPage\",\"@id\":\"https:\\\/\\\/www.die-textreinigung.de\\\/de\\\/lektorat-fuer-firmen-und-institutionen\\\/\",\"url\":\"https:\\\/\\\/www.die-textreinigung.de\\\/de\\\/lektorat-fuer-firmen-und-institutionen\\\/\",\"name\":\"die textreinigung. Professionelles Lektorat f\u00fcr Firmen und Werbelektorat\",\"isPartOf\":{\"@id\":\"https:\\\/\\\/www.die-textreinigung.de\\\/de\\\/#website\"},\"datePublished\":\"2025-04-20T13:23:32+00:00\",\"dateModified\":\"2025-05-16T15:45:27+00:00\",\"description\":\"Vertrauen Sie uns Ihre Texte an, bevor sie die Welt sieht. Wir sorgen f\u00fcr adressatengerechte, fehlerfreie Formulierungen \u2013 unabdingbar f\u00fcr Ihr gutes Image.\",\"breadcrumb\":{\"@id\":\"https:\\\/\\\/www.die-textreinigung.de\\\/de\\\/lektorat-fuer-firmen-und-institutionen\\\/#breadcrumb\"},\"inLanguage\":\"de\",\"potentialAction\":[{\"@type\":\"ReadAction\",\"target\":[\"https:\\\/\\\/www.die-textreinigung.de\\\/de\\\/lektorat-fuer-firmen-und-institutionen\\\/\"]}]},{\"@type\":\"BreadcrumbList\",\"@id\":\"https:\\\/\\\/www.die-textreinigung.de\\\/de\\\/lektorat-fuer-firmen-und-institutionen\\\/#breadcrumb\",\"itemListElement\":[{\"@type\":\"ListItem\",\"position\":1,\"name\":\"Startseite\",\"item\":\"https:\\\/\\\/www.die-textreinigung.de\\\/de\\\/\"},{\"@type\":\"ListItem\",\"position\":2,\"name\":\"Lektorat f\u00fcr Firmen und Institutionen\"}]},{\"@type\":\"WebSite\",\"@id\":\"https:\\\/\\\/www.die-textreinigung.de\\\/de\\\/#website\",\"url\":\"https:\\\/\\\/www.die-textreinigung.de\\\/de\\\/\",\"name\":\"die textreinigung\",\"description\":\"korrigiert. lektoriert. gestaltet.\",\"publisher\":{\"@id\":\"https:\\\/\\\/www.die-textreinigung.de\\\/de\\\/#organization\"},\"potentialAction\":[{\"@type\":\"SearchAction\",\"target\":{\"@type\":\"EntryPoint\",\"urlTemplate\":\"https:\\\/\\\/www.die-textreinigung.de\\\/de\\\/?s={search_term_string}\"},\"query-input\":{\"@type\":\"PropertyValueSpecification\",\"valueRequired\":true,\"valueName\":\"search_term_string\"}}],\"inLanguage\":\"de\"},{\"@type\":\"Organization\",\"@id\":\"https:\\\/\\\/www.die-textreinigung.de\\\/de\\\/#organization\",\"name\":\"die textreinigung\",\"url\":\"https:\\\/\\\/www.die-textreinigung.de\\\/de\\\/\",\"logo\":{\"@type\":\"ImageObject\",\"inLanguage\":\"de\",\"@id\":\"https:\\\/\\\/www.die-textreinigung.de\\\/de\\\/#\\\/schema\\\/logo\\\/image\\\/\",\"url\":\"https:\\\/\\\/www.die-textreinigung.de\\\/de\\\/wp-content\\\/uploads\\\/2025\\\/04\\\/favicon.png\",\"contentUrl\":\"https:\\\/\\\/www.die-textreinigung.de\\\/de\\\/wp-content\\\/uploads\\\/2025\\\/04\\\/favicon.png\",\"width\":513,\"height\":513,\"caption\":\"die textreinigung\"},\"image\":{\"@id\":\"https:\\\/\\\/www.die-textreinigung.de\\\/de\\\/#\\\/schema\\\/logo\\\/image\\\/\"}}]}<\/script>\n<!-- \/ Yoast SEO plugin. -->","yoast_head_json":{"title":"die textreinigung. Professionelles Lektorat f\u00fcr Firmen und Werbelektorat","description":"Vertrauen Sie uns Ihre Texte an, bevor sie die Welt sieht. Wir sorgen f\u00fcr adressatengerechte, fehlerfreie Formulierungen \u2013 unabdingbar f\u00fcr Ihr gutes Image.","robots":{"index":"index","follow":"follow","max-snippet":"max-snippet:-1","max-image-preview":"max-image-preview:large","max-video-preview":"max-video-preview:-1"},"canonical":"https:\/\/www.die-textreinigung.de\/de\/lektorat-fuer-firmen-und-institutionen\/","og_locale":"de_DE","og_type":"article","og_title":"die textreinigung. Professionelles Lektorat f\u00fcr Firmen und Werbelektorat","og_description":"Vertrauen Sie uns Ihre Texte an, bevor sie die Welt sieht. Wir sorgen f\u00fcr adressatengerechte, fehlerfreie Formulierungen \u2013 unabdingbar f\u00fcr Ihr gutes Image.","og_url":"https:\/\/www.die-textreinigung.de\/de\/lektorat-fuer-firmen-und-institutionen\/","og_site_name":"die textreinigung","article_modified_time":"2025-05-16T15:45:27+00:00","twitter_card":"summary_large_image","twitter_misc":{"Gesch\u00e4tzte Lesezeit":"1\u00a0Minute"},"schema":{"@context":"https:\/\/schema.org","@graph":[{"@type":"WebPage","@id":"https:\/\/www.die-textreinigung.de\/de\/lektorat-fuer-firmen-und-institutionen\/","url":"https:\/\/www.die-textreinigung.de\/de\/lektorat-fuer-firmen-und-institutionen\/","name":"die textreinigung. Professionelles Lektorat f\u00fcr Firmen und Werbelektorat","isPartOf":{"@id":"https:\/\/www.die-textreinigung.de\/de\/#website"},"datePublished":"2025-04-20T13:23:32+00:00","dateModified":"2025-05-16T15:45:27+00:00","description":"Vertrauen Sie uns Ihre Texte an, bevor sie die Welt sieht. Wir sorgen f\u00fcr adressatengerechte, fehlerfreie Formulierungen \u2013 unabdingbar f\u00fcr Ihr gutes Image.","breadcrumb":{"@id":"https:\/\/www.die-textreinigung.de\/de\/lektorat-fuer-firmen-und-institutionen\/#breadcrumb"},"inLanguage":"de","potentialAction":[{"@type":"ReadAction","target":["https:\/\/www.die-textreinigung.de\/de\/lektorat-fuer-firmen-und-institutionen\/"]}]},{"@type":"BreadcrumbList","@id":"https:\/\/www.die-textreinigung.de\/de\/lektorat-fuer-firmen-und-institutionen\/#breadcrumb","itemListElement":[{"@type":"ListItem","position":1,"name":"Startseite","item":"https:\/\/www.die-textreinigung.de\/de\/"},{"@type":"ListItem","position":2,"name":"Lektorat f\u00fcr Firmen und Institutionen"}]},{"@type":"WebSite","@id":"https:\/\/www.die-textreinigung.de\/de\/#website","url":"https:\/\/www.die-textreinigung.de\/de\/","name":"die textreinigung","description":"korrigiert. lektoriert. gestaltet.","publisher":{"@id":"https:\/\/www.die-textreinigung.de\/de\/#organization"},"potentialAction":[{"@type":"SearchAction","target":{"@type":"EntryPoint","urlTemplate":"https:\/\/www.die-textreinigung.de\/de\/?s={search_term_string}"},"query-input":{"@type":"PropertyValueSpecification","valueRequired":true,"valueName":"search_term_string"}}],"inLanguage":"de"},{"@type":"Organization","@id":"https:\/\/www.die-textreinigung.de\/de\/#organization","name":"die textreinigung","url":"https:\/\/www.die-textreinigung.de\/de\/","logo":{"@type":"ImageObject","inLanguage":"de","@id":"https:\/\/www.die-textreinigung.de\/de\/#\/schema\/logo\/image\/","url":"https:\/\/www.die-textreinigung.de\/de\/wp-content\/uploads\/2025\/04\/favicon.png","contentUrl":"https:\/\/www.die-textreinigung.de\/de\/wp-content\/uploads\/2025\/04\/favicon.png","width":513,"height":513,"caption":"die textreinigung"},"image":{"@id":"https:\/\/www.die-textreinigung.de\/de\/#\/schema\/logo\/image\/"}}]}},"_links":{"self":[{"href":"https:\/\/www.die-textreinigung.de\/de\/wp-json\/wp\/v2\/pages\/189","targetHints":{"allow":["GET"]}}],"collection":[{"href":"https:\/\/www.die-textreinigung.de\/de\/wp-json\/wp\/v2\/pages"}],"about":[{"href":"https:\/\/www.die-textreinigung.de\/de\/wp-json\/wp\/v2\/types\/page"}],"author":[{"embeddable":true,"href":"https:\/\/www.die-textreinigung.de\/de\/wp-json\/wp\/v2\/users\/1"}],"replies":[{"embeddable":true,"href":"https:\/\/www.die-textreinigung.de\/de\/wp-json\/wp\/v2\/comments?post=189"}],"version-history":[{"count":0,"href":"https:\/\/www.die-textreinigung.de\/de\/wp-json\/wp\/v2\/pages\/189\/revisions"}],"wp:attachment":[{"href":"https:\/\/www.die-textreinigung.de\/de\/wp-json\/wp\/v2\/media?parent=189"}],"curies":[{"name":"wp","href":"https:\/\/api.w.org\/{rel}","templated":true}]}}