{"id":191,"date":"2025-04-20T15:25:08","date_gmt":"2025-04-20T13:25:08","guid":{"rendered":"https:\/\/www.die-textreinigung.de\/dev\/?page_id=191"},"modified":"2025-05-16T17:46:57","modified_gmt":"2025-05-16T15:46:57","slug":"wissenschaftslektorat","status":"publish","type":"page","link":"https:\/\/www.die-textreinigung.de\/de\/wissenschaftslektorat\/","title":{"rendered":"Wissenschaftslektorat"},"content":{"rendered":"\t\t<div data-elementor-type=\"wp-page\" data-elementor-id=\"191\" class=\"elementor elementor-191\" data-elementor-post-type=\"page\">\n\t\t\t\t\t\t<section class=\"elementor-section elementor-top-section elementor-element elementor-element-15a322ef elementor-section-full_width elementor-section-height-min-height elementor-section-items-top elementor-section-content-top elementor-section-height-default\" data-id=\"15a322ef\" data-element_type=\"section\" data-e-type=\"section\" data-settings=\"{&quot;background_background&quot;:&quot;classic&quot;,&quot;sticky&quot;:&quot;top&quot;,&quot;sticky_on&quot;:[&quot;desktop&quot;,&quot;tablet&quot;,&quot;mobile&quot;],&quot;sticky_offset&quot;:0,&quot;sticky_effects_offset&quot;:0,&quot;sticky_anchor_link_offset&quot;:0}\">\n\t\t\t\t\t\t\t<div class=\"elementor-background-overlay\"><\/div>\n\t\t\t\t\t\t\t<div class=\"elementor-container elementor-column-gap-no\">\n\t\t\t\t\t<div class=\"elementor-column elementor-col-100 elementor-top-column elementor-element elementor-element-630d868c\" data-id=\"630d868c\" data-element_type=\"column\" data-e-type=\"column\">\n\t\t\t<div class=\"elementor-widget-wrap elementor-element-populated\">\n\t\t\t\t\t\t<section class=\"elementor-section elementor-inner-section elementor-element elementor-element-23cb42c1 elementor-section-height-min-height elementor-section-content-bottom elementor-section-boxed elementor-section-height-default\" data-id=\"23cb42c1\" data-element_type=\"section\" data-e-type=\"section\" data-settings=\"{&quot;background_background&quot;:&quot;classic&quot;}\">\n\t\t\t\t\t\t\t<div class=\"elementor-background-overlay\"><\/div>\n\t\t\t\t\t\t\t<div class=\"elementor-container elementor-column-gap-no\">\n\t\t\t\t\t<div class=\"elementor-column elementor-col-100 elementor-inner-column elementor-element elementor-element-2b978d50\" data-id=\"2b978d50\" data-element_type=\"column\" data-e-type=\"column\">\n\t\t\t<div class=\"elementor-widget-wrap elementor-element-populated\">\n\t\t\t\t\t\t<div class=\"elementor-element elementor-element-7dfe3a6d elementor-hidden-mobile elementor-widget elementor-widget-heading\" data-id=\"7dfe3a6d\" data-element_type=\"widget\" data-e-type=\"widget\" data-widget_type=\"heading.default\">\n\t\t\t\t<div class=\"elementor-widget-container\">\n\t\t\t\t\t<h1 class=\"elementor-heading-title elementor-size-default\">Wissenschaftslektorat<\/h1>\t\t\t\t<\/div>\n\t\t\t\t<\/div>\n\t\t\t\t<div class=\"elementor-element elementor-element-786cd2fe elementor-hidden-desktop elementor-hidden-tablet elementor-widget elementor-widget-heading\" data-id=\"786cd2fe\" data-element_type=\"widget\" data-e-type=\"widget\" data-widget_type=\"heading.default\">\n\t\t\t\t<div class=\"elementor-widget-container\">\n\t\t\t\t\t<h1 class=\"elementor-heading-title elementor-size-default\">Wissenschafts-<br \/>lektorat<\/h1>\t\t\t\t<\/div>\n\t\t\t\t<\/div>\n\t\t\t\t\t<\/div>\n\t\t<\/div>\n\t\t\t\t\t<\/div>\n\t\t<\/section>\n\t\t\t\t\t<\/div>\n\t\t<\/div>\n\t\t\t\t\t<\/div>\n\t\t<\/section>\n\t\t<div class=\"elementor-element elementor-element-48026222 e-flex e-con-boxed e-con e-parent\" data-id=\"48026222\" data-element_type=\"container\" data-e-type=\"container\">\n\t\t\t\t\t<div class=\"e-con-inner\">\n\t\t\t\t<div class=\"elementor-element elementor-element-1e3046d6 elementor-widget elementor-widget-text-editor\" data-id=\"1e3046d6\" data-element_type=\"widget\" data-e-type=\"widget\" data-widget_type=\"text-editor.default\">\n\t\t\t\t<div class=\"elementor-widget-container\">\n\t\t\t\t\t\t\t\t\t<p>Das Lektorat wissenschaftlicher Texte umfasst sowohl universit\u00e4re bzw. Hochschularbeiten als auch wissenschaftliche Ver\u00f6ffentlichungen in Form von B\u00fcchern oder Fachartikeln. Beim Lektorat kommt es hier besonders auf die \u00dcberpr\u00fcfung der Einhaltung geforderter Standards und Formen sowie auf die Verst\u00e4ndlichkeit f\u00fcr die jeweilige Zielgruppe an. Bei stark spezialisierten Texten mit hohem fachsprachlichen Anteil empfiehlt sich der Einsatz eines Fachlektors mit einem Ausbildungshintergrund im entsprechenden Fachgebiet. Hingegen ist f\u00fcr alle Texte, die einer breiteren \u00d6ffentlichkeit zug\u00e4nglich gemacht werden sollen, gerade die \u00dcberpr\u00fcfung durch ein fachfremdes Lektorat vorteilhaft, da hier in besonderem Ma\u00dfe die Allgemeinverst\u00e4ndlichkeit des Textes beurteilt und n\u00f6tigenfalls hergestellt werden kann.<\/p>\t\t\t\t\t\t\t\t<\/div>\n\t\t\t\t<\/div>\n\t\t\t\t<div class=\"elementor-element elementor-element-6d16f487 elementor-widget-divider--view-line elementor-widget elementor-widget-divider\" data-id=\"6d16f487\" data-element_type=\"widget\" data-e-type=\"widget\" data-widget_type=\"divider.default\">\n\t\t\t\t<div class=\"elementor-widget-container\">\n\t\t\t\t\t\t\t<div class=\"elementor-divider\">\n\t\t\t<span class=\"elementor-divider-separator\">\n\t\t\t\t\t\t<\/span>\n\t\t<\/div>\n\t\t\t\t\t\t<\/div>\n\t\t\t\t<\/div>\n\t\t\t\t<div class=\"elementor-element elementor-element-2fe12fe2 elementor-widget elementor-widget-shortcode\" data-id=\"2fe12fe2\" data-element_type=\"widget\" data-e-type=\"widget\" data-widget_type=\"shortcode.default\">\n\t\t\t\t<div class=\"elementor-widget-container\">\n\t\t\t\t\t\t\t<div class=\"elementor-shortcode\"><div id=\"accordions-1656\" class=\"accordions-1656 accordions\" data-accordions={&quot;lazyLoad&quot;:true,&quot;id&quot;:&quot;1656&quot;,&quot;event&quot;:&quot;click&quot;,&quot;collapsible&quot;:&quot;true&quot;,&quot;heightStyle&quot;:&quot;content&quot;,&quot;animateStyle&quot;:&quot;swing&quot;,&quot;animateDelay&quot;:&quot;600&quot;,&quot;navigation&quot;:true,&quot;active&quot;:999,&quot;expandedOther&quot;:&quot;no&quot;,&quot;URLHash&quot;:&quot;yes&quot;,&quot;headerToggle&quot;:&quot;no&quot;,&quot;scrollTop&quot;:&quot;no&quot;,&quot;scrollTopOffset&quot;:100,&quot;stats&quot;:&quot;no&quot;}>\r\n                <div id=\"accordions-lazy-1656\" class=\"accordions-lazy\" accordionsId=\"1656\">\r\n                    <\/div>\r\n\r\n    <div class=\"items\"  style=\"display:none\" >\r\n    \r\n            <div post_id=\"1656\" itemcount=\"0\"  header_id=\"header-17462756410\" id=\"header-17462756410\" style=\"\" class=\"accordions-head head17462756410 border-none\" toggle-text=\"\" main-text=\"Schwerpunkte des Lektorats\">\r\n                                    <span id=\"accordion-icons-17462756410\" class=\"accordion-icons\">\r\n                        <span class=\"accordion-icon-active accordion-plus\"><i class=\"fa-solid fa-plus\"><\/i><\/span>\r\n                        <span class=\"accordion-icon-inactive accordion-minus\"><i class=\"fa-solid fa-minus\"><\/i><\/span>\r\n                    <\/span>\r\n                    <span id=\"header-text-17462756410\" class=\"accordions-head-title\">Schwerpunkte des Lektorats<\/span>\r\n                            <\/div>\r\n            <div class=\"accordion-content content17462756410 border-2px\">\r\n                <p>Auch im Wissenschaftslektorat sind selbstredend gut lesbare und klar verst\u00e4ndliche Texte eine exzellente Zielsetzung. Kaum etwas ist unangenehmer als ein \u201eFachkauderwelsch\u201c, das bereits beim Lesen die gr\u00f6\u00dfte M\u00fche bereitet. Insofern treffen hier alle beim Sachbuchlektorat genannten Arbeitsfelder ebenso zu. Neben den Basiskomponenten der Textarbeit kommt es jedoch auch zwingend auf weitere Aspekte an, um den Anspr\u00fcchen wissenschaftlichen Arbeitens wirklich gerecht zu werden:<\/p>\n<ul>\n<li>Stringenter Aufbau<\/li>\n<li>Innere Koh\u00e4renz<\/li>\n<li>Plausibilit\u00e4t der Argumentation<\/li>\n<li>Einheitlichkeit von Begriffen, Zeichen, Verweisen<\/li>\n<li>Korrekte Verwendung von Termini<\/li>\n<li>Einheitliche und korrekte Zitierweise<\/li>\n<li>Form und Vollst\u00e4ndigkeit der Literaturnachweise<\/li>\n<li>Einhaltung von Vorgaben der Hochschule oder des Verlags<\/li>\n<li>Einbindung von Bildern, Tabellen und Diagrammen<\/li>\n<li>...<\/li>\n<\/ul>\n<p>\u00a0<\/p>\n<h6>> Beim Lektorat von Texten wird im Zuge der Bearbeitung immer auch ein Gro\u00dfteil der vorhandenen Rechtschreib- bzw. Satzfehler entfernt. Dies kann jedoch ein abschlie\u00dfendes Korrektorat niemals ersetzen, da der Fokus der Arbeit im Lektorat auf der Textqualit\u00e4t liegt. Zudem entstehen bei intensiver Textarbeit allein aus technischen Gr\u00fcnden im Normalfall einige neue Satz- und Grammatikfehler, die im Anschluss entfernt werden m\u00fcssen. Verzichtbar ist ein abschlie\u00dfender Korrekturgang allenfalls bei sehr eingeschr\u00e4nkten Lektoratsaufgaben.<\/h6>\n            <\/div>\r\n    \r\n            <div post_id=\"1656\" itemcount=\"1\"  header_id=\"header-17462756411\" id=\"header-17462756411\" style=\"\" class=\"accordions-head head17462756411 border-none\" toggle-text=\"\" main-text=\"Erfahrungsbereiche\">\r\n                                    <span id=\"accordion-icons-17462756411\" class=\"accordion-icons\">\r\n                        <span class=\"accordion-icon-active accordion-plus\"><i class=\"fa-solid fa-plus\"><\/i><\/span>\r\n                        <span class=\"accordion-icon-inactive accordion-minus\"><i class=\"fa-solid fa-minus\"><\/i><\/span>\r\n                    <\/span>\r\n                    <span id=\"header-text-17462756411\" class=\"accordions-head-title\">Erfahrungsbereiche<\/span>\r\n                            <\/div>\r\n            <div class=\"accordion-content content17462756411 border-2px\">\r\n                <p>Unter anderem aus den nachfolgend aufgef\u00fchrten Fachgebieten hat <i>die textreinigung<\/i> bereits wissenschaftliche Arbeiten in gr\u00f6\u00dferem Umfang betreut. Besondere Schwerpunkte liegen in den Freiraum- bzw. Planungsdisziplinen sowie in der Soziologie. Hinter unserer Arbeit steht jedoch stets der Anspruch, mit dem fachfremden geschulten und kritischen Blick von au\u00dfen zu beurteilen, ob die pr\u00e4sentierten Inhalte in sich schl\u00fcssig, plausibel und verst\u00e4ndlich dargestellt sind, und ebendies in der Bearbeitung sicherzustellen. Mit diesem Ziel \u00fcbernehmen wir gerne auch das Lektorat von Arbeiten anderer Fachgebiete, sofern nicht ausdr\u00fccklich ein <i>Fachlektorat<\/i> des betreffenden Themenbereichs gew\u00fcnscht wird.\n<\/p>\n<ul>\n<li>Stadt- und Gartenhistorie<\/li>\n<li>Landschaftsplanung<\/li>\n<li>Geschichtswissenschaften<\/li>\n<li>Linguistik<\/li>\n<li>Literaturwissenschaften<\/li>\n<li>Philosophie<\/li>\n<li>Markt- und Sozialforschung<\/li>\n<li>Qualit\u00e4tsmanagement<\/li>\n<li>Soziologie<\/li>\n<li>Physik<\/li>\n<li>...<\/li>\n<\/ul>\n            <\/div>\r\n    <\/div>\r\n\r\n\r\n\r\n\r\n            <\/div><\/div>\n\t\t\t\t\t\t<\/div>\n\t\t\t\t<\/div>\n\t\t\t\t<div class=\"elementor-element elementor-element-58d69f06 elementor-widget-divider--view-line elementor-widget elementor-widget-divider\" data-id=\"58d69f06\" data-element_type=\"widget\" data-e-type=\"widget\" data-widget_type=\"divider.default\">\n\t\t\t\t<div class=\"elementor-widget-container\">\n\t\t\t\t\t\t\t<div class=\"elementor-divider\">\n\t\t\t<span class=\"elementor-divider-separator\">\n\t\t\t\t\t\t<\/span>\n\t\t<\/div>\n\t\t\t\t\t\t<\/div>\n\t\t\t\t<\/div>\n\t\t\t\t<div class=\"elementor-element elementor-element-28b8cb2a elementor-widget elementor-widget-shortcode\" data-id=\"28b8cb2a\" data-element_type=\"widget\" data-e-type=\"widget\" data-widget_type=\"shortcode.default\">\n\t\t\t\t<div class=\"elementor-widget-container\">\n\t\t\t\t\t\t\t<div class=\"elementor-shortcode\"><div id=\"accordions-1662\" class=\"accordions-1662 accordions\" data-accordions={&quot;lazyLoad&quot;:true,&quot;id&quot;:&quot;1662&quot;,&quot;event&quot;:&quot;click&quot;,&quot;collapsible&quot;:&quot;true&quot;,&quot;heightStyle&quot;:&quot;content&quot;,&quot;animateStyle&quot;:&quot;swing&quot;,&quot;animateDelay&quot;:&quot;600&quot;,&quot;navigation&quot;:true,&quot;active&quot;:999,&quot;expandedOther&quot;:&quot;no&quot;,&quot;URLHash&quot;:&quot;yes&quot;,&quot;headerToggle&quot;:&quot;no&quot;,&quot;scrollTop&quot;:&quot;yes&quot;,&quot;scrollTopOffset&quot;:100,&quot;stats&quot;:&quot;no&quot;}>\r\n                <div id=\"accordions-lazy-1662\" class=\"accordions-lazy\" accordionsId=\"1662\">\r\n                    <\/div>\r\n\r\n    <div class=\"items\"  style=\"display:none\" >\r\n    \r\n            <div post_id=\"1662\" itemcount=\"0\"  header_id=\"header-17462681790\" id=\"header-17462681790\" style=\"\" class=\"accordions-head head17462681790 border-none\" toggle-text=\"\" main-text=\"Arbeitsfelder\">\r\n                                    <span id=\"accordion-icons-17462681790\" class=\"accordion-icons\">\r\n                        <span class=\"accordion-icon-active accordion-plus\"><i class=\"fa-solid fa-plus\"><\/i><\/span>\r\n                        <span class=\"accordion-icon-inactive accordion-minus\"><i class=\"fa-solid fa-minus\"><\/i><\/span>\r\n                    <\/span>\r\n                    <span id=\"header-text-17462681790\" class=\"accordions-head-title\">Arbeitsfelder<\/span>\r\n                            <\/div>\r\n            <div class=\"accordion-content content17462681790 border-2px\">\r\n                <ul>\n<li>Dissertationen*<\/li>\n<li>Abschluss- und Examensarbeiten*<\/li>\n<li>Studienarbeiten*<\/li>\n<li>Fachb\u00fccher<\/li>\n<li>Fachartikel<\/li>\n<li>Sachb\u00fccher zur adressatengerechten Vermittlung fachlicher Inhalte<\/li>\n<li>...<\/li>\n<\/ul>\n<p>\u00a0<\/p>\n<h6>* Bez\u00fcglich einer Bearbeitung von Nachweisarbeiten zur Erlangung akademischer Grade obliegt es stets der auftraggebenden Person, mit der ausbildenden Institution die Zul\u00e4ssigkeit der Unterst\u00fctzung durch ein Lektorat bzw. deren zul\u00e4ssigen Umfang zu kl\u00e4ren.<\/h6>\n            <\/div>\r\n    <\/div>\r\n\r\n\r\n\r\n\r\n            <\/div><\/div>\n\t\t\t\t\t\t<\/div>\n\t\t\t\t<\/div>\n\t\t\t\t\t<\/div>\n\t\t\t\t<\/div>\n\t\t\t\t<\/div>\n\t\t","protected":false},"excerpt":{"rendered":"<p>Wissenschaftslektorat Wissenschafts- lektorat Das Lektorat wissenschaftlicher Texte umfasst sowohl universit\u00e4re bzw. Hochschularbeiten als auch wissenschaftliche Ver\u00f6ffentlichungen in Form von B\u00fcchern oder Fachartikeln. Beim Lektorat kommt es hier besonders auf die \u00dcberpr\u00fcfung der Einhaltung geforderter Standards und Formen sowie auf die Verst\u00e4ndlichkeit f\u00fcr die jeweilige Zielgruppe an. Bei stark spezialisierten Texten mit hohem fachsprachlichen Anteil empfiehlt [&hellip;]<\/p>\n","protected":false},"author":1,"featured_media":0,"parent":0,"menu_order":0,"comment_status":"closed","ping_status":"closed","template":"","meta":{"footnotes":""},"class_list":["post-191","page","type-page","status-publish","hentry"],"yoast_head":"<!-- This site is optimized with the Yoast SEO plugin v27.4 - https:\/\/yoast.com\/product\/yoast-seo-wordpress\/ -->\n<title>die textreinigung - Wissenschaftslektorat f\u00fcr Hochschule und Publikation<\/title>\n<meta name=\"description\" content=\"Hochschularbeiten, wissenschaftliche Ver\u00f6ffentlichungen, Fachartikel \u2013 wir sorgen f\u00fcr die Einhaltung geforderter Standards, Verst\u00e4ndlichkeit und Stringenz.\" \/>\n<meta name=\"robots\" content=\"index, follow, max-snippet:-1, max-image-preview:large, max-video-preview:-1\" \/>\n<link rel=\"canonical\" href=\"https:\/\/www.die-textreinigung.de\/de\/wissenschaftslektorat\/\" \/>\n<meta property=\"og:locale\" content=\"de_DE\" \/>\n<meta property=\"og:type\" content=\"article\" \/>\n<meta property=\"og:title\" content=\"die textreinigung - Wissenschaftslektorat f\u00fcr Hochschule und Publikation\" \/>\n<meta property=\"og:description\" content=\"Hochschularbeiten, wissenschaftliche Ver\u00f6ffentlichungen, Fachartikel \u2013 wir sorgen f\u00fcr die Einhaltung geforderter Standards, Verst\u00e4ndlichkeit und Stringenz.\" \/>\n<meta property=\"og:url\" content=\"https:\/\/www.die-textreinigung.de\/de\/wissenschaftslektorat\/\" \/>\n<meta property=\"og:site_name\" content=\"die textreinigung\" \/>\n<meta property=\"article:modified_time\" content=\"2025-05-16T15:46:57+00:00\" \/>\n<meta name=\"twitter:card\" content=\"summary_large_image\" \/>\n<meta name=\"twitter:label1\" content=\"Gesch\u00e4tzte Lesezeit\" \/>\n\t<meta name=\"twitter:data1\" content=\"1\u00a0Minute\" \/>\n<script type=\"application\/ld+json\" class=\"yoast-schema-graph\">{\"@context\":\"https:\\\/\\\/schema.org\",\"@graph\":[{\"@type\":\"WebPage\",\"@id\":\"https:\\\/\\\/www.die-textreinigung.de\\\/de\\\/wissenschaftslektorat\\\/\",\"url\":\"https:\\\/\\\/www.die-textreinigung.de\\\/de\\\/wissenschaftslektorat\\\/\",\"name\":\"die textreinigung - Wissenschaftslektorat f\u00fcr Hochschule und Publikation\",\"isPartOf\":{\"@id\":\"https:\\\/\\\/www.die-textreinigung.de\\\/de\\\/#website\"},\"datePublished\":\"2025-04-20T13:25:08+00:00\",\"dateModified\":\"2025-05-16T15:46:57+00:00\",\"description\":\"Hochschularbeiten, wissenschaftliche Ver\u00f6ffentlichungen, Fachartikel \u2013 wir sorgen f\u00fcr die Einhaltung geforderter Standards, Verst\u00e4ndlichkeit und Stringenz.\",\"breadcrumb\":{\"@id\":\"https:\\\/\\\/www.die-textreinigung.de\\\/de\\\/wissenschaftslektorat\\\/#breadcrumb\"},\"inLanguage\":\"de\",\"potentialAction\":[{\"@type\":\"ReadAction\",\"target\":[\"https:\\\/\\\/www.die-textreinigung.de\\\/de\\\/wissenschaftslektorat\\\/\"]}]},{\"@type\":\"BreadcrumbList\",\"@id\":\"https:\\\/\\\/www.die-textreinigung.de\\\/de\\\/wissenschaftslektorat\\\/#breadcrumb\",\"itemListElement\":[{\"@type\":\"ListItem\",\"position\":1,\"name\":\"Startseite\",\"item\":\"https:\\\/\\\/www.die-textreinigung.de\\\/de\\\/\"},{\"@type\":\"ListItem\",\"position\":2,\"name\":\"Wissenschaftslektorat\"}]},{\"@type\":\"WebSite\",\"@id\":\"https:\\\/\\\/www.die-textreinigung.de\\\/de\\\/#website\",\"url\":\"https:\\\/\\\/www.die-textreinigung.de\\\/de\\\/\",\"name\":\"die textreinigung\",\"description\":\"korrigiert. lektoriert. gestaltet.\",\"publisher\":{\"@id\":\"https:\\\/\\\/www.die-textreinigung.de\\\/de\\\/#organization\"},\"potentialAction\":[{\"@type\":\"SearchAction\",\"target\":{\"@type\":\"EntryPoint\",\"urlTemplate\":\"https:\\\/\\\/www.die-textreinigung.de\\\/de\\\/?s={search_term_string}\"},\"query-input\":{\"@type\":\"PropertyValueSpecification\",\"valueRequired\":true,\"valueName\":\"search_term_string\"}}],\"inLanguage\":\"de\"},{\"@type\":\"Organization\",\"@id\":\"https:\\\/\\\/www.die-textreinigung.de\\\/de\\\/#organization\",\"name\":\"die textreinigung\",\"url\":\"https:\\\/\\\/www.die-textreinigung.de\\\/de\\\/\",\"logo\":{\"@type\":\"ImageObject\",\"inLanguage\":\"de\",\"@id\":\"https:\\\/\\\/www.die-textreinigung.de\\\/de\\\/#\\\/schema\\\/logo\\\/image\\\/\",\"url\":\"https:\\\/\\\/www.die-textreinigung.de\\\/de\\\/wp-content\\\/uploads\\\/2025\\\/04\\\/favicon.png\",\"contentUrl\":\"https:\\\/\\\/www.die-textreinigung.de\\\/de\\\/wp-content\\\/uploads\\\/2025\\\/04\\\/favicon.png\",\"width\":513,\"height\":513,\"caption\":\"die textreinigung\"},\"image\":{\"@id\":\"https:\\\/\\\/www.die-textreinigung.de\\\/de\\\/#\\\/schema\\\/logo\\\/image\\\/\"}}]}<\/script>\n<!-- \/ Yoast SEO plugin. -->","yoast_head_json":{"title":"die textreinigung - Wissenschaftslektorat f\u00fcr Hochschule und Publikation","description":"Hochschularbeiten, wissenschaftliche Ver\u00f6ffentlichungen, Fachartikel \u2013 wir sorgen f\u00fcr die Einhaltung geforderter Standards, Verst\u00e4ndlichkeit und Stringenz.","robots":{"index":"index","follow":"follow","max-snippet":"max-snippet:-1","max-image-preview":"max-image-preview:large","max-video-preview":"max-video-preview:-1"},"canonical":"https:\/\/www.die-textreinigung.de\/de\/wissenschaftslektorat\/","og_locale":"de_DE","og_type":"article","og_title":"die textreinigung - Wissenschaftslektorat f\u00fcr Hochschule und Publikation","og_description":"Hochschularbeiten, wissenschaftliche Ver\u00f6ffentlichungen, Fachartikel \u2013 wir sorgen f\u00fcr die Einhaltung geforderter Standards, Verst\u00e4ndlichkeit und Stringenz.","og_url":"https:\/\/www.die-textreinigung.de\/de\/wissenschaftslektorat\/","og_site_name":"die textreinigung","article_modified_time":"2025-05-16T15:46:57+00:00","twitter_card":"summary_large_image","twitter_misc":{"Gesch\u00e4tzte Lesezeit":"1\u00a0Minute"},"schema":{"@context":"https:\/\/schema.org","@graph":[{"@type":"WebPage","@id":"https:\/\/www.die-textreinigung.de\/de\/wissenschaftslektorat\/","url":"https:\/\/www.die-textreinigung.de\/de\/wissenschaftslektorat\/","name":"die textreinigung - Wissenschaftslektorat f\u00fcr Hochschule und Publikation","isPartOf":{"@id":"https:\/\/www.die-textreinigung.de\/de\/#website"},"datePublished":"2025-04-20T13:25:08+00:00","dateModified":"2025-05-16T15:46:57+00:00","description":"Hochschularbeiten, wissenschaftliche Ver\u00f6ffentlichungen, Fachartikel \u2013 wir sorgen f\u00fcr die Einhaltung geforderter Standards, Verst\u00e4ndlichkeit und Stringenz.","breadcrumb":{"@id":"https:\/\/www.die-textreinigung.de\/de\/wissenschaftslektorat\/#breadcrumb"},"inLanguage":"de","potentialAction":[{"@type":"ReadAction","target":["https:\/\/www.die-textreinigung.de\/de\/wissenschaftslektorat\/"]}]},{"@type":"BreadcrumbList","@id":"https:\/\/www.die-textreinigung.de\/de\/wissenschaftslektorat\/#breadcrumb","itemListElement":[{"@type":"ListItem","position":1,"name":"Startseite","item":"https:\/\/www.die-textreinigung.de\/de\/"},{"@type":"ListItem","position":2,"name":"Wissenschaftslektorat"}]},{"@type":"WebSite","@id":"https:\/\/www.die-textreinigung.de\/de\/#website","url":"https:\/\/www.die-textreinigung.de\/de\/","name":"die textreinigung","description":"korrigiert. lektoriert. gestaltet.","publisher":{"@id":"https:\/\/www.die-textreinigung.de\/de\/#organization"},"potentialAction":[{"@type":"SearchAction","target":{"@type":"EntryPoint","urlTemplate":"https:\/\/www.die-textreinigung.de\/de\/?s={search_term_string}"},"query-input":{"@type":"PropertyValueSpecification","valueRequired":true,"valueName":"search_term_string"}}],"inLanguage":"de"},{"@type":"Organization","@id":"https:\/\/www.die-textreinigung.de\/de\/#organization","name":"die textreinigung","url":"https:\/\/www.die-textreinigung.de\/de\/","logo":{"@type":"ImageObject","inLanguage":"de","@id":"https:\/\/www.die-textreinigung.de\/de\/#\/schema\/logo\/image\/","url":"https:\/\/www.die-textreinigung.de\/de\/wp-content\/uploads\/2025\/04\/favicon.png","contentUrl":"https:\/\/www.die-textreinigung.de\/de\/wp-content\/uploads\/2025\/04\/favicon.png","width":513,"height":513,"caption":"die textreinigung"},"image":{"@id":"https:\/\/www.die-textreinigung.de\/de\/#\/schema\/logo\/image\/"}}]}},"_links":{"self":[{"href":"https:\/\/www.die-textreinigung.de\/de\/wp-json\/wp\/v2\/pages\/191","targetHints":{"allow":["GET"]}}],"collection":[{"href":"https:\/\/www.die-textreinigung.de\/de\/wp-json\/wp\/v2\/pages"}],"about":[{"href":"https:\/\/www.die-textreinigung.de\/de\/wp-json\/wp\/v2\/types\/page"}],"author":[{"embeddable":true,"href":"https:\/\/www.die-textreinigung.de\/de\/wp-json\/wp\/v2\/users\/1"}],"replies":[{"embeddable":true,"href":"https:\/\/www.die-textreinigung.de\/de\/wp-json\/wp\/v2\/comments?post=191"}],"version-history":[{"count":0,"href":"https:\/\/www.die-textreinigung.de\/de\/wp-json\/wp\/v2\/pages\/191\/revisions"}],"wp:attachment":[{"href":"https:\/\/www.die-textreinigung.de\/de\/wp-json\/wp\/v2\/media?parent=191"}],"curies":[{"name":"wp","href":"https:\/\/api.w.org\/{rel}","templated":true}]}}