{"id":197,"date":"2025-04-20T15:28:50","date_gmt":"2025-04-20T13:28:50","guid":{"rendered":"https:\/\/www.die-textreinigung.de\/dev\/?page_id=197"},"modified":"2026-02-11T12:09:53","modified_gmt":"2026-02-11T11:09:53","slug":"honorare-technik","status":"publish","type":"page","link":"https:\/\/www.die-textreinigung.de\/de\/honorare-technik\/","title":{"rendered":"Honorare \/ Technik"},"content":{"rendered":"\t\t<div data-elementor-type=\"wp-page\" data-elementor-id=\"197\" class=\"elementor elementor-197\" data-elementor-post-type=\"page\">\n\t\t\t\t\t\t<section class=\"elementor-section elementor-top-section elementor-element elementor-element-b282bf9 elementor-section-full_width elementor-section-height-min-height elementor-section-items-top elementor-section-content-top elementor-section-height-default\" data-id=\"b282bf9\" data-element_type=\"section\" data-e-type=\"section\" data-settings=\"{&quot;background_background&quot;:&quot;classic&quot;,&quot;sticky&quot;:&quot;top&quot;,&quot;sticky_on&quot;:[&quot;desktop&quot;,&quot;tablet&quot;,&quot;mobile&quot;],&quot;sticky_offset&quot;:0,&quot;sticky_effects_offset&quot;:0,&quot;sticky_anchor_link_offset&quot;:0}\">\n\t\t\t\t\t\t\t<div class=\"elementor-background-overlay\"><\/div>\n\t\t\t\t\t\t\t<div class=\"elementor-container elementor-column-gap-no\">\n\t\t\t\t\t<div class=\"elementor-column elementor-col-100 elementor-top-column elementor-element elementor-element-0991e03\" data-id=\"0991e03\" data-element_type=\"column\" data-e-type=\"column\">\n\t\t\t<div class=\"elementor-widget-wrap elementor-element-populated\">\n\t\t\t\t\t\t<section class=\"elementor-section elementor-inner-section elementor-element elementor-element-c6385ef elementor-section-height-min-height elementor-section-content-bottom elementor-section-boxed elementor-section-height-default\" data-id=\"c6385ef\" data-element_type=\"section\" data-e-type=\"section\" data-settings=\"{&quot;background_background&quot;:&quot;classic&quot;}\">\n\t\t\t\t\t\t\t<div class=\"elementor-background-overlay\"><\/div>\n\t\t\t\t\t\t\t<div class=\"elementor-container elementor-column-gap-no\">\n\t\t\t\t\t<div class=\"elementor-column elementor-col-100 elementor-inner-column elementor-element elementor-element-b483acf\" data-id=\"b483acf\" data-element_type=\"column\" data-e-type=\"column\">\n\t\t\t<div class=\"elementor-widget-wrap elementor-element-populated\">\n\t\t\t\t\t\t<div class=\"elementor-element elementor-element-1b80c8d elementor-hidden-mobile elementor-widget elementor-widget-heading\" data-id=\"1b80c8d\" data-element_type=\"widget\" data-e-type=\"widget\" data-widget_type=\"heading.default\">\n\t\t\t\t<div class=\"elementor-widget-container\">\n\t\t\t\t\t<h1 class=\"elementor-heading-title elementor-size-default\">Preise und Kosten<\/h1>\t\t\t\t<\/div>\n\t\t\t\t<\/div>\n\t\t\t\t<div class=\"elementor-element elementor-element-a717741 elementor-hidden-desktop elementor-hidden-tablet elementor-widget elementor-widget-heading\" data-id=\"a717741\" data-element_type=\"widget\" data-e-type=\"widget\" data-widget_type=\"heading.default\">\n\t\t\t\t<div class=\"elementor-widget-container\">\n\t\t\t\t\t<h1 class=\"elementor-heading-title elementor-size-default\">Preise<br \/>und<br \/>Kosten<\/h1>\t\t\t\t<\/div>\n\t\t\t\t<\/div>\n\t\t\t\t\t<\/div>\n\t\t<\/div>\n\t\t\t\t\t<\/div>\n\t\t<\/section>\n\t\t\t\t\t<\/div>\n\t\t<\/div>\n\t\t\t\t\t<\/div>\n\t\t<\/section>\n\t\t<div class=\"elementor-element elementor-element-389f425 e-flex e-con-boxed e-con e-parent\" data-id=\"389f425\" data-element_type=\"container\" data-e-type=\"container\">\n\t\t\t\t\t<div class=\"e-con-inner\">\n\t\t\t\t<div class=\"elementor-element elementor-element-5598279 elementor-widget elementor-widget-text-editor\" data-id=\"5598279\" data-element_type=\"widget\" data-e-type=\"widget\" data-widget_type=\"text-editor.default\">\n\t\t\t\t<div class=\"elementor-widget-container\">\n\t\t\t\t\t\t\t\t\tSelbstverst\u00e4ndlich m\u00fcssen wir alle kalkulieren \u2013 gerne m\u00f6chte man daher vorab wissen, was eine ben\u00f6tigte Leistung kosten wird. Dabei ist Ihr Bedarf jedoch ebenso individuell wie Sie selbst und Ihr Anliegen. Deshalb kalkulieren wir nach einer sorgf\u00e4ltigen Auseinandersetzung mit Ihrem pers\u00f6nlichen Anliegen und oftmals einer kurzen Probearbeit f\u00fcr Sie und unterbreiten Ihnen dann ein detailliertes, verbindliches Angebot. Um Ihnen aber bereits vorab eine erste Einsch\u00e4tzung zu erm\u00f6glichen, finden Sie nachfolgend einige Richtwerte. Alle genannten Preise sind in Euro angegeben und verstehen sich netto, also zzgl. der gesetzlichen Mehrwertsteuer von zurzeit 19&nbsp;Prozent.\t\t\t\t\t\t\t\t<\/div>\n\t\t\t\t<\/div>\n\t\t\t\t<div class=\"elementor-element elementor-element-0264a8d elementor-widget-divider--view-line elementor-widget elementor-widget-divider\" data-id=\"0264a8d\" data-element_type=\"widget\" data-e-type=\"widget\" data-widget_type=\"divider.default\">\n\t\t\t\t<div class=\"elementor-widget-container\">\n\t\t\t\t\t\t\t<div class=\"elementor-divider\">\n\t\t\t<span class=\"elementor-divider-separator\">\n\t\t\t\t\t\t<\/span>\n\t\t<\/div>\n\t\t\t\t\t\t<\/div>\n\t\t\t\t<\/div>\n\t\t\t\t<div class=\"elementor-element elementor-element-7a41dc5 elementor-widget elementor-widget-shortcode\" data-id=\"7a41dc5\" data-element_type=\"widget\" data-e-type=\"widget\" data-widget_type=\"shortcode.default\">\n\t\t\t\t<div class=\"elementor-widget-container\">\n\t\t\t\t\t\t\t<div class=\"elementor-shortcode\"><div id=\"accordions-11914\" class=\"accordions-11914 accordions\" data-accordions={&quot;lazyLoad&quot;:true,&quot;id&quot;:&quot;11914&quot;,&quot;event&quot;:&quot;click&quot;,&quot;collapsible&quot;:&quot;true&quot;,&quot;heightStyle&quot;:&quot;content&quot;,&quot;animateStyle&quot;:&quot;swing&quot;,&quot;animateDelay&quot;:&quot;600&quot;,&quot;navigation&quot;:true,&quot;active&quot;:999,&quot;expandedOther&quot;:&quot;no&quot;,&quot;URLHash&quot;:&quot;yes&quot;,&quot;headerToggle&quot;:&quot;no&quot;,&quot;scrollTop&quot;:&quot;no&quot;,&quot;scrollTopOffset&quot;:100,&quot;stats&quot;:&quot;no&quot;}>\r\n                <div id=\"accordions-lazy-11914\" class=\"accordions-lazy\" accordionsId=\"11914\">\r\n                    <\/div>\r\n\r\n    <div class=\"items\"  style=\"display:none\" >\r\n    \r\n            <div post_id=\"11914\" itemcount=\"0\"  header_id=\"header-17462778620\" id=\"header-17462778620\" style=\"\" class=\"accordions-head head17462778620 border-none\" toggle-text=\"\" main-text=\"Seitenhonorare\">\r\n                                    <span id=\"accordion-icons-17462778620\" class=\"accordion-icons\">\r\n                        <span class=\"accordion-icon-active accordion-plus\"><i class=\"fa-solid fa-plus\"><\/i><\/span>\r\n                        <span class=\"accordion-icon-inactive accordion-minus\"><i class=\"fa-solid fa-minus\"><\/i><\/span>\r\n                    <\/span>\r\n                    <span id=\"header-text-17462778620\" class=\"accordions-head-title\">Seitenhonorare<\/span>\r\n                            <\/div>\r\n            <div class=\"accordion-content content17462778620 border-2px\">\r\n                <ul>\n<li>Stillektorat: ab \u20ac 10,00\/Normseite*<\/li>\n<li>Inhaltliches Lektorat: ab \u20ac\u00a012,50\/Normseite*<\/li>\n<li>Erweitertes Korrektorat: ab \u20ac\u00a07,00\/Normseite*<\/li>\n<li>Korrektorat: ab \u20ac\u00a04,80\/Normseite*<\/li>\n<li><em>Erm\u00e4\u00dfigungen f\u00fcr Absolvent\/innen m\u00f6glich<\/em><\/li>\n<\/ul>\n<p>&nbsp;<\/p>\n<h6>> Stillektorat: Detailarbeit am Text \u2013 Verst\u00e4ndlichkeit, korrektes und passendes Wording, Stil- und Zielgruppengerechtigkeit, klare und eindeutige Formulierungen, einheitliche Begriffsverwendung und Schreibweisen, Pr\u00fcfung von Querbez\u00fcgen<\/h6>\n<h6>> Inhaltliches Lektorat (Belletristik): Autor\/innenbetreuung inkl. Beurteilung von Plotelementen, Spannungsbogen, L\u00e4ngen und Redundanzen, Logik des Aufbaus, Verst\u00e4ndlichkeit, einschl. Detailarbeit am Text<\/h6>\n<h6>> Inhaltliches Lektorat (Sachbuch-\/Wissenschaftslektorat\/Firmen und Institutionen): Textarbeit inkl. Hinweisen zu Aufbau, Verst\u00e4ndlichkeit, Zielgruppengerechtigkeit, von au\u00dfen erkennbaren logischen Fehlern, einheitlicher Begriffsverwendung, Pr\u00fcfung von Grundlagen, Links und Nachweisen sowie Einhaltung von Vorgaben (entspr. konkreter Beauftragung)<\/h6>\n<h6>> Erweitertes Korrektorat: Fehlerkorrektur inkl. Kommentierung grober stilistischer oder inhaltlicher Formulierungsm\u00e4ngel<\/h6>\n<h6>> Korrektorat: Korrektur von Rechtschreib-, Orthografie-, Grammatik- und Trennfehlern<\/h6>\n<h6>(Hinweis: Das reine Korrektorat besteht im Rahmen unserer Lektoratsleistungen in der Regel aus einem Schlusskorrektorat. Ohne vorhergehendes Lektorat bieten wir ein reines Korrektorat nur in begr\u00fcndeten Ausnahmef\u00e4llen an.)<\/h6>\n<h6>* 1\u00a0Normseite = 1.500\u00a0Zeichen inkl. Leerzeichen<\/h6>\n            <\/div>\r\n    \r\n            <div post_id=\"11914\" itemcount=\"1\"  header_id=\"header-17462778621\" id=\"header-17462778621\" style=\"\" class=\"accordions-head head17462778621 border-none\" toggle-text=\"\" main-text=\"Stundenhonorars\u00e4tze\">\r\n                                    <span id=\"accordion-icons-17462778621\" class=\"accordion-icons\">\r\n                        <span class=\"accordion-icon-active accordion-plus\"><i class=\"fa-solid fa-plus\"><\/i><\/span>\r\n                        <span class=\"accordion-icon-inactive accordion-minus\"><i class=\"fa-solid fa-minus\"><\/i><\/span>\r\n                    <\/span>\r\n                    <span id=\"header-text-17462778621\" class=\"accordions-head-title\">Stundenhonorars\u00e4tze<\/span>\r\n                            <\/div>\r\n            <div class=\"accordion-content content17462778621 border-2px\">\r\n                <ul>\n<li>Firmen und Institutionen: ab \u20ac\u00a085,-\/Stunde<\/li>\n<li>Privatkunden\/Einzelpersonen: ab \u20ac\u00a065,-\/Stunde<\/li>\n<li>Absolvent\/innen: ab \u20ac\u00a050,-\/Stunde<\/li>\n<\/ul>\n<p>&nbsp;<\/p>\n<p>Warum wir die Stundens\u00e4tze so unterschiedlich gestalten? Wir glauben daran, dass sich die F\u00f6rderung von Berufsanf\u00e4nger\/innen und ambitionierten Privatpersonen f\u00fcr uns alle auszahlt. Eine solide Finanzierung unserer Leistungen erfordert daf\u00fcr aber eine gesunde Mischkalkulation.<\/p>\n            <\/div>\r\n    <\/div>\r\n\r\n\r\n\r\n\r\n            <\/div><\/div>\n\t\t\t\t\t\t<\/div>\n\t\t\t\t<\/div>\n\t\t\t\t<div class=\"elementor-element elementor-element-3f27c67 elementor-widget-divider--view-line elementor-widget elementor-widget-divider\" data-id=\"3f27c67\" data-element_type=\"widget\" data-e-type=\"widget\" data-widget_type=\"divider.default\">\n\t\t\t\t<div class=\"elementor-widget-container\">\n\t\t\t\t\t\t\t<div class=\"elementor-divider\">\n\t\t\t<span class=\"elementor-divider-separator\">\n\t\t\t\t\t\t<\/span>\n\t\t<\/div>\n\t\t\t\t\t\t<\/div>\n\t\t\t\t<\/div>\n\t\t\t\t<div class=\"elementor-element elementor-element-c601450 elementor-hidden-mobile elementor-widget elementor-widget-heading\" data-id=\"c601450\" data-element_type=\"widget\" data-e-type=\"widget\" data-settings=\"{&quot;sticky&quot;:&quot;top&quot;,&quot;sticky_offset&quot;:400,&quot;sticky_offset_tablet&quot;:315,&quot;sticky_on&quot;:[&quot;desktop&quot;,&quot;tablet&quot;,&quot;mobile&quot;],&quot;sticky_effects_offset&quot;:0,&quot;sticky_anchor_link_offset&quot;:0}\" data-widget_type=\"heading.default\">\n\t\t\t\t<div class=\"elementor-widget-container\">\n\t\t\t\t\t<h1 class=\"elementor-heading-title elementor-size-default\">Technik\n<\/h1>\t\t\t\t<\/div>\n\t\t\t\t<\/div>\n\t\t\t\t<div class=\"elementor-element elementor-element-532f4b7 elementor-hidden-desktop elementor-hidden-tablet elementor-widget elementor-widget-heading\" data-id=\"532f4b7\" data-element_type=\"widget\" data-e-type=\"widget\" data-settings=\"{&quot;sticky&quot;:&quot;top&quot;,&quot;sticky_offset_tablet&quot;:200,&quot;sticky_offset_mobile&quot;:275,&quot;sticky_on&quot;:[&quot;desktop&quot;,&quot;tablet&quot;,&quot;mobile&quot;],&quot;sticky_offset&quot;:0,&quot;sticky_effects_offset&quot;:0,&quot;sticky_anchor_link_offset&quot;:0}\" data-widget_type=\"heading.default\">\n\t\t\t\t<div class=\"elementor-widget-container\">\n\t\t\t\t\t<h1 class=\"elementor-heading-title elementor-size-default\">Technik\n<\/h1>\t\t\t\t<\/div>\n\t\t\t\t<\/div>\n\t\t\t\t<div class=\"elementor-element elementor-element-b27bb2d elementor-widget elementor-widget-shortcode\" data-id=\"b27bb2d\" data-element_type=\"widget\" data-e-type=\"widget\" data-widget_type=\"shortcode.default\">\n\t\t\t\t<div class=\"elementor-widget-container\">\n\t\t\t\t\t\t\t<div class=\"elementor-shortcode\"><div id=\"accordions-1794\" class=\"accordions-1794 accordions\" data-accordions={&quot;lazyLoad&quot;:true,&quot;id&quot;:&quot;1794&quot;,&quot;event&quot;:&quot;click&quot;,&quot;collapsible&quot;:&quot;true&quot;,&quot;heightStyle&quot;:&quot;content&quot;,&quot;animateStyle&quot;:&quot;swing&quot;,&quot;animateDelay&quot;:&quot;600&quot;,&quot;navigation&quot;:true,&quot;active&quot;:999,&quot;expandedOther&quot;:&quot;no&quot;,&quot;URLHash&quot;:&quot;yes&quot;,&quot;headerToggle&quot;:&quot;no&quot;,&quot;scrollTop&quot;:&quot;no&quot;,&quot;scrollTopOffset&quot;:100,&quot;stats&quot;:&quot;no&quot;}>\r\n                <div id=\"accordions-lazy-1794\" class=\"accordions-lazy\" accordionsId=\"1794\">\r\n                    <\/div>\r\n\r\n    <div class=\"items\"  style=\"display:none\" >\r\n    \r\n            <div post_id=\"1794\" itemcount=\"0\"  header_id=\"header-17462669300\" id=\"header-17462669300\" style=\"\" class=\"accordions-head head17462669300 border-none\" toggle-text=\"\" main-text=\"Microsoft Office Suite\">\r\n                                    <span id=\"accordion-icons-17462669300\" class=\"accordion-icons\">\r\n                        <span class=\"accordion-icon-active accordion-plus\"><i class=\"fa-solid fa-plus\"><\/i><\/span>\r\n                        <span class=\"accordion-icon-inactive accordion-minus\"><i class=\"fa-solid fa-minus\"><\/i><\/span>\r\n                    <\/span>\r\n                    <span id=\"header-text-17462669300\" class=\"accordions-head-title\">Microsoft Office Suite<\/span>\r\n                            <\/div>\r\n            <div class=\"accordion-content content17462669300 border-2px\">\r\n                <ul>\n<li>Word<sup>1<\/sup><\/li>\n<li>Excel<sup>2<\/sup><\/li>\n<li>PowerPoint<sup>2<\/sup><\/li>\n<\/ul>\n<p>\u00a0<\/p>\n<h6><sup>1<\/sup>\u00a0Bearbeitung mit \u00c4nderungsnachverfolgung: Die Markierung aller vorgenommenen \u00c4nderungen und Korrekturen kann ein- und ausgeschaltet werden. Inhaltliche Hinweise und Vorschl\u00e4ge f\u00fcr Umformulierungen erfolgen per Kommentarfunktion.<\/h6>\n<h6><sup>2<\/sup>\u00a0Korrekturanweisungen sowie inhaltliche Hinweise und Vorschl\u00e4ge f\u00fcr Umformulierungen erfolgen per Kommentarfunktion.<\/h6>\n            <\/div>\r\n    \r\n            <div post_id=\"1794\" itemcount=\"1\"  header_id=\"header-17462669301\" id=\"header-17462669301\" style=\"\" class=\"accordions-head head17462669301 border-none\" toggle-text=\"\" main-text=\"Adobe Creative Cloud\">\r\n                                    <span id=\"accordion-icons-17462669301\" class=\"accordion-icons\">\r\n                        <span class=\"accordion-icon-active accordion-plus\"><i class=\"fa-solid fa-plus\"><\/i><\/span>\r\n                        <span class=\"accordion-icon-inactive accordion-minus\"><i class=\"fa-solid fa-minus\"><\/i><\/span>\r\n                    <\/span>\r\n                    <span id=\"header-text-17462669301\" class=\"accordions-head-title\">Adobe Creative Cloud<\/span>\r\n                            <\/div>\r\n            <div class=\"accordion-content content17462669301 border-2px\">\r\n                <ul>\n<li>Acrobat<sup>2<\/sup><\/li>\n<li>Indesign<\/li>\n<li>Illustrator<\/li>\n<li>Photoshop<\/li>\n<li>Dreamweaver<\/li>\n<\/ul>\n<p>\u00a0<\/p>\n<h6><sup>2<\/sup>\u00a0Korrekturanweisungen sowie inhaltliche Hinweise und Vorschl\u00e4ge f\u00fcr Umformulierungen erfolgen per Kommentarfunktion.<\/h6>\n            <\/div>\r\n    <\/div>\r\n\r\n\r\n\r\n\r\n            <\/div><\/div>\n\t\t\t\t\t\t<\/div>\n\t\t\t\t<\/div>\n\t\t\t\t\t<\/div>\n\t\t\t\t<\/div>\n\t\t\t\t<\/div>\n\t\t","protected":false},"excerpt":{"rendered":"<p>Preise und Kosten PreiseundKosten Selbstverst\u00e4ndlich m\u00fcssen wir alle kalkulieren \u2013 gerne m\u00f6chte man daher vorab wissen, was eine ben\u00f6tigte Leistung kosten wird. Dabei ist Ihr Bedarf jedoch ebenso individuell wie Sie selbst und Ihr Anliegen. Deshalb kalkulieren wir nach einer sorgf\u00e4ltigen Auseinandersetzung mit Ihrem pers\u00f6nlichen Anliegen und oftmals einer kurzen Probearbeit f\u00fcr Sie und unterbreiten [&hellip;]<\/p>\n","protected":false},"author":1,"featured_media":0,"parent":0,"menu_order":0,"comment_status":"closed","ping_status":"closed","template":"","meta":{"footnotes":""},"class_list":["post-197","page","type-page","status-publish","hentry"],"yoast_head":"<!-- This site is optimized with the Yoast SEO plugin v27.5 - https:\/\/yoast.com\/product\/yoast-seo-wordpress\/ -->\n<title>die textreinigung. Berliner Lektorat f\u00fcr Belletristik, Sachtexte, Firmen und Institutionen - Honorare<\/title>\n<meta name=\"description\" content=\"Hier finden Sie unsere Seitenpreise und Stundenhonorare f\u00fcr einen ersten \u00dcberblick. Ein detailliertes, verbindliches Angebot erstellen wir Ihnen gerne.\" \/>\n<meta name=\"robots\" content=\"index, follow, max-snippet:-1, max-image-preview:large, max-video-preview:-1\" \/>\n<link rel=\"canonical\" href=\"https:\/\/www.die-textreinigung.de\/de\/honorare-technik\/\" \/>\n<meta property=\"og:locale\" content=\"de_DE\" \/>\n<meta property=\"og:type\" content=\"article\" \/>\n<meta property=\"og:title\" content=\"die textreinigung. Berliner Lektorat f\u00fcr Belletristik, Sachtexte, Firmen und Institutionen - Honorare\" \/>\n<meta property=\"og:description\" content=\"Hier finden Sie unsere Seitenpreise und Stundenhonorare f\u00fcr einen ersten \u00dcberblick. Ein detailliertes, verbindliches Angebot erstellen wir Ihnen gerne.\" \/>\n<meta property=\"og:url\" content=\"https:\/\/www.die-textreinigung.de\/de\/honorare-technik\/\" \/>\n<meta property=\"og:site_name\" content=\"die textreinigung\" \/>\n<meta property=\"article:modified_time\" content=\"2026-02-11T11:09:53+00:00\" \/>\n<meta name=\"twitter:card\" content=\"summary_large_image\" \/>\n<meta name=\"twitter:label1\" content=\"Gesch\u00e4tzte Lesezeit\" \/>\n\t<meta name=\"twitter:data1\" content=\"1\u00a0Minute\" \/>\n<script type=\"application\/ld+json\" class=\"yoast-schema-graph\">{\"@context\":\"https:\\\/\\\/schema.org\",\"@graph\":[{\"@type\":\"WebPage\",\"@id\":\"https:\\\/\\\/www.die-textreinigung.de\\\/de\\\/honorare-technik\\\/\",\"url\":\"https:\\\/\\\/www.die-textreinigung.de\\\/de\\\/honorare-technik\\\/\",\"name\":\"die textreinigung. Berliner Lektorat f\u00fcr Belletristik, Sachtexte, Firmen und Institutionen - Honorare\",\"isPartOf\":{\"@id\":\"https:\\\/\\\/www.die-textreinigung.de\\\/de\\\/#website\"},\"datePublished\":\"2025-04-20T13:28:50+00:00\",\"dateModified\":\"2026-02-11T11:09:53+00:00\",\"description\":\"Hier finden Sie unsere Seitenpreise und Stundenhonorare f\u00fcr einen ersten \u00dcberblick. Ein detailliertes, verbindliches Angebot erstellen wir Ihnen gerne.\",\"breadcrumb\":{\"@id\":\"https:\\\/\\\/www.die-textreinigung.de\\\/de\\\/honorare-technik\\\/#breadcrumb\"},\"inLanguage\":\"de\",\"potentialAction\":[{\"@type\":\"ReadAction\",\"target\":[\"https:\\\/\\\/www.die-textreinigung.de\\\/de\\\/honorare-technik\\\/\"]}]},{\"@type\":\"BreadcrumbList\",\"@id\":\"https:\\\/\\\/www.die-textreinigung.de\\\/de\\\/honorare-technik\\\/#breadcrumb\",\"itemListElement\":[{\"@type\":\"ListItem\",\"position\":1,\"name\":\"Startseite\",\"item\":\"https:\\\/\\\/www.die-textreinigung.de\\\/de\\\/\"},{\"@type\":\"ListItem\",\"position\":2,\"name\":\"Honorare \\\/ Technik\"}]},{\"@type\":\"WebSite\",\"@id\":\"https:\\\/\\\/www.die-textreinigung.de\\\/de\\\/#website\",\"url\":\"https:\\\/\\\/www.die-textreinigung.de\\\/de\\\/\",\"name\":\"die textreinigung\",\"description\":\"korrigiert. lektoriert. gestaltet.\",\"publisher\":{\"@id\":\"https:\\\/\\\/www.die-textreinigung.de\\\/de\\\/#organization\"},\"potentialAction\":[{\"@type\":\"SearchAction\",\"target\":{\"@type\":\"EntryPoint\",\"urlTemplate\":\"https:\\\/\\\/www.die-textreinigung.de\\\/de\\\/?s={search_term_string}\"},\"query-input\":{\"@type\":\"PropertyValueSpecification\",\"valueRequired\":true,\"valueName\":\"search_term_string\"}}],\"inLanguage\":\"de\"},{\"@type\":\"Organization\",\"@id\":\"https:\\\/\\\/www.die-textreinigung.de\\\/de\\\/#organization\",\"name\":\"die textreinigung\",\"url\":\"https:\\\/\\\/www.die-textreinigung.de\\\/de\\\/\",\"logo\":{\"@type\":\"ImageObject\",\"inLanguage\":\"de\",\"@id\":\"https:\\\/\\\/www.die-textreinigung.de\\\/de\\\/#\\\/schema\\\/logo\\\/image\\\/\",\"url\":\"https:\\\/\\\/www.die-textreinigung.de\\\/de\\\/wp-content\\\/uploads\\\/2025\\\/04\\\/favicon.png\",\"contentUrl\":\"https:\\\/\\\/www.die-textreinigung.de\\\/de\\\/wp-content\\\/uploads\\\/2025\\\/04\\\/favicon.png\",\"width\":513,\"height\":513,\"caption\":\"die textreinigung\"},\"image\":{\"@id\":\"https:\\\/\\\/www.die-textreinigung.de\\\/de\\\/#\\\/schema\\\/logo\\\/image\\\/\"}}]}<\/script>\n<!-- \/ Yoast SEO plugin. -->","yoast_head_json":{"title":"die textreinigung. Berliner Lektorat f\u00fcr Belletristik, Sachtexte, Firmen und Institutionen - Honorare","description":"Hier finden Sie unsere Seitenpreise und Stundenhonorare f\u00fcr einen ersten \u00dcberblick. Ein detailliertes, verbindliches Angebot erstellen wir Ihnen gerne.","robots":{"index":"index","follow":"follow","max-snippet":"max-snippet:-1","max-image-preview":"max-image-preview:large","max-video-preview":"max-video-preview:-1"},"canonical":"https:\/\/www.die-textreinigung.de\/de\/honorare-technik\/","og_locale":"de_DE","og_type":"article","og_title":"die textreinigung. Berliner Lektorat f\u00fcr Belletristik, Sachtexte, Firmen und Institutionen - Honorare","og_description":"Hier finden Sie unsere Seitenpreise und Stundenhonorare f\u00fcr einen ersten \u00dcberblick. Ein detailliertes, verbindliches Angebot erstellen wir Ihnen gerne.","og_url":"https:\/\/www.die-textreinigung.de\/de\/honorare-technik\/","og_site_name":"die textreinigung","article_modified_time":"2026-02-11T11:09:53+00:00","twitter_card":"summary_large_image","twitter_misc":{"Gesch\u00e4tzte Lesezeit":"1\u00a0Minute"},"schema":{"@context":"https:\/\/schema.org","@graph":[{"@type":"WebPage","@id":"https:\/\/www.die-textreinigung.de\/de\/honorare-technik\/","url":"https:\/\/www.die-textreinigung.de\/de\/honorare-technik\/","name":"die textreinigung. Berliner Lektorat f\u00fcr Belletristik, Sachtexte, Firmen und Institutionen - Honorare","isPartOf":{"@id":"https:\/\/www.die-textreinigung.de\/de\/#website"},"datePublished":"2025-04-20T13:28:50+00:00","dateModified":"2026-02-11T11:09:53+00:00","description":"Hier finden Sie unsere Seitenpreise und Stundenhonorare f\u00fcr einen ersten \u00dcberblick. Ein detailliertes, verbindliches Angebot erstellen wir Ihnen gerne.","breadcrumb":{"@id":"https:\/\/www.die-textreinigung.de\/de\/honorare-technik\/#breadcrumb"},"inLanguage":"de","potentialAction":[{"@type":"ReadAction","target":["https:\/\/www.die-textreinigung.de\/de\/honorare-technik\/"]}]},{"@type":"BreadcrumbList","@id":"https:\/\/www.die-textreinigung.de\/de\/honorare-technik\/#breadcrumb","itemListElement":[{"@type":"ListItem","position":1,"name":"Startseite","item":"https:\/\/www.die-textreinigung.de\/de\/"},{"@type":"ListItem","position":2,"name":"Honorare \/ Technik"}]},{"@type":"WebSite","@id":"https:\/\/www.die-textreinigung.de\/de\/#website","url":"https:\/\/www.die-textreinigung.de\/de\/","name":"die textreinigung","description":"korrigiert. lektoriert. gestaltet.","publisher":{"@id":"https:\/\/www.die-textreinigung.de\/de\/#organization"},"potentialAction":[{"@type":"SearchAction","target":{"@type":"EntryPoint","urlTemplate":"https:\/\/www.die-textreinigung.de\/de\/?s={search_term_string}"},"query-input":{"@type":"PropertyValueSpecification","valueRequired":true,"valueName":"search_term_string"}}],"inLanguage":"de"},{"@type":"Organization","@id":"https:\/\/www.die-textreinigung.de\/de\/#organization","name":"die textreinigung","url":"https:\/\/www.die-textreinigung.de\/de\/","logo":{"@type":"ImageObject","inLanguage":"de","@id":"https:\/\/www.die-textreinigung.de\/de\/#\/schema\/logo\/image\/","url":"https:\/\/www.die-textreinigung.de\/de\/wp-content\/uploads\/2025\/04\/favicon.png","contentUrl":"https:\/\/www.die-textreinigung.de\/de\/wp-content\/uploads\/2025\/04\/favicon.png","width":513,"height":513,"caption":"die textreinigung"},"image":{"@id":"https:\/\/www.die-textreinigung.de\/de\/#\/schema\/logo\/image\/"}}]}},"_links":{"self":[{"href":"https:\/\/www.die-textreinigung.de\/de\/wp-json\/wp\/v2\/pages\/197","targetHints":{"allow":["GET"]}}],"collection":[{"href":"https:\/\/www.die-textreinigung.de\/de\/wp-json\/wp\/v2\/pages"}],"about":[{"href":"https:\/\/www.die-textreinigung.de\/de\/wp-json\/wp\/v2\/types\/page"}],"author":[{"embeddable":true,"href":"https:\/\/www.die-textreinigung.de\/de\/wp-json\/wp\/v2\/users\/1"}],"replies":[{"embeddable":true,"href":"https:\/\/www.die-textreinigung.de\/de\/wp-json\/wp\/v2\/comments?post=197"}],"version-history":[{"count":0,"href":"https:\/\/www.die-textreinigung.de\/de\/wp-json\/wp\/v2\/pages\/197\/revisions"}],"wp:attachment":[{"href":"https:\/\/www.die-textreinigung.de\/de\/wp-json\/wp\/v2\/media?parent=197"}],"curies":[{"name":"wp","href":"https:\/\/api.w.org\/{rel}","templated":true}]}}