{"id":201,"date":"2025-04-20T15:30:47","date_gmt":"2025-04-20T13:30:47","guid":{"rendered":"https:\/\/www.die-textreinigung.de\/dev\/?page_id=201"},"modified":"2025-05-16T17:46:36","modified_gmt":"2025-05-16T15:46:36","slug":"ueber-uns","status":"publish","type":"page","link":"https:\/\/www.die-textreinigung.de\/de\/ueber-uns\/","title":{"rendered":"\u00dcber uns"},"content":{"rendered":"\t\t<div data-elementor-type=\"wp-page\" data-elementor-id=\"201\" class=\"elementor elementor-201\" data-elementor-post-type=\"page\">\n\t\t\t\t\t\t<section class=\"elementor-section elementor-top-section elementor-element elementor-element-6ee46a67 elementor-section-full_width elementor-section-height-min-height elementor-section-items-top elementor-section-content-top elementor-section-height-default\" data-id=\"6ee46a67\" data-element_type=\"section\" data-e-type=\"section\" data-settings=\"{&quot;background_background&quot;:&quot;classic&quot;,&quot;sticky&quot;:&quot;top&quot;,&quot;sticky_on&quot;:[&quot;desktop&quot;,&quot;tablet&quot;,&quot;mobile&quot;],&quot;sticky_offset&quot;:0,&quot;sticky_effects_offset&quot;:0,&quot;sticky_anchor_link_offset&quot;:0}\">\n\t\t\t\t\t\t\t<div class=\"elementor-background-overlay\"><\/div>\n\t\t\t\t\t\t\t<div class=\"elementor-container elementor-column-gap-no\">\n\t\t\t\t\t<div class=\"elementor-column elementor-col-100 elementor-top-column elementor-element elementor-element-1b90a960\" data-id=\"1b90a960\" data-element_type=\"column\" data-e-type=\"column\">\n\t\t\t<div class=\"elementor-widget-wrap elementor-element-populated\">\n\t\t\t\t\t\t<section class=\"elementor-section elementor-inner-section elementor-element elementor-element-29e3dd9c elementor-section-height-min-height elementor-section-content-bottom elementor-section-boxed elementor-section-height-default\" data-id=\"29e3dd9c\" data-element_type=\"section\" data-e-type=\"section\" data-settings=\"{&quot;background_background&quot;:&quot;classic&quot;}\">\n\t\t\t\t\t\t\t<div class=\"elementor-background-overlay\"><\/div>\n\t\t\t\t\t\t\t<div class=\"elementor-container elementor-column-gap-no\">\n\t\t\t\t\t<div class=\"elementor-column elementor-col-100 elementor-inner-column elementor-element elementor-element-50c9b4b0\" data-id=\"50c9b4b0\" data-element_type=\"column\" data-e-type=\"column\">\n\t\t\t<div class=\"elementor-widget-wrap elementor-element-populated\">\n\t\t\t\t\t\t<div class=\"elementor-element elementor-element-47f8100a elementor-hidden-mobile elementor-widget elementor-widget-heading\" data-id=\"47f8100a\" data-element_type=\"widget\" data-e-type=\"widget\" data-widget_type=\"heading.default\">\n\t\t\t\t<div class=\"elementor-widget-container\">\n\t\t\t\t\t<h1 class=\"elementor-heading-title elementor-size-default\">Wer wir sind<\/h1>\t\t\t\t<\/div>\n\t\t\t\t<\/div>\n\t\t\t\t<div class=\"elementor-element elementor-element-19256ce4 elementor-hidden-desktop elementor-hidden-tablet elementor-widget elementor-widget-heading\" data-id=\"19256ce4\" data-element_type=\"widget\" data-e-type=\"widget\" data-widget_type=\"heading.default\">\n\t\t\t\t<div class=\"elementor-widget-container\">\n\t\t\t\t\t<h1 class=\"elementor-heading-title elementor-size-default\">Wer wir sind<\/h1>\t\t\t\t<\/div>\n\t\t\t\t<\/div>\n\t\t\t\t\t<\/div>\n\t\t<\/div>\n\t\t\t\t\t<\/div>\n\t\t<\/section>\n\t\t\t\t\t<\/div>\n\t\t<\/div>\n\t\t\t\t\t<\/div>\n\t\t<\/section>\n\t\t<div class=\"elementor-element elementor-element-365a6c68 e-grid e-con-boxed e-con e-parent\" data-id=\"365a6c68\" data-element_type=\"container\" data-e-type=\"container\">\n\t\t\t\t\t<div class=\"e-con-inner\">\n\t\t\t\t<div class=\"elementor-element elementor-element-c5f7815 elementor-widget elementor-widget-text-editor\" data-id=\"c5f7815\" data-element_type=\"widget\" data-e-type=\"widget\" data-widget_type=\"text-editor.default\">\n\t\t\t\t<div class=\"elementor-widget-container\">\n\t\t\t\t\t\t\t\t\t<h2><strong>die textreinigung<\/strong><\/h2>\t\t\t\t\t\t\t\t<\/div>\n\t\t\t\t<\/div>\n\t\t\t\t<div class=\"elementor-element elementor-element-67580a40 elementor-hidden-tablet elementor-hidden-mobile elementor-widget elementor-widget-text-editor\" data-id=\"67580a40\" data-element_type=\"widget\" data-e-type=\"widget\" data-widget_type=\"text-editor.default\">\n\t\t\t\t<div class=\"elementor-widget-container\">\n\t\t\t\t\t\t\t\t\t&nbsp;\t\t\t\t\t\t\t\t<\/div>\n\t\t\t\t<\/div>\n\t\t\t\t<div class=\"elementor-element elementor-element-42e3c6e elementor-widget elementor-widget-image\" data-id=\"42e3c6e\" data-element_type=\"widget\" data-e-type=\"widget\" data-widget_type=\"image.default\">\n\t\t\t\t<div class=\"elementor-widget-container\">\n\t\t\t\t\t\t\t\t\t\t\t\t\t\t\t<img fetchpriority=\"high\" decoding=\"async\" width=\"1200\" height=\"1200\" src=\"https:\/\/www.die-textreinigung.de\/de\/wp-content\/uploads\/2025\/05\/190720_textrei_portraet.png\" class=\"attachment-full size-full wp-image-10620\" alt=\"\" srcset=\"https:\/\/www.die-textreinigung.de\/de\/wp-content\/uploads\/2025\/05\/190720_textrei_portraet.png 1200w, https:\/\/www.die-textreinigung.de\/de\/wp-content\/uploads\/2025\/05\/190720_textrei_portraet-300x300.png 300w, https:\/\/www.die-textreinigung.de\/de\/wp-content\/uploads\/2025\/05\/190720_textrei_portraet-1024x1024.png 1024w, https:\/\/www.die-textreinigung.de\/de\/wp-content\/uploads\/2025\/05\/190720_textrei_portraet-150x150.png 150w, https:\/\/www.die-textreinigung.de\/de\/wp-content\/uploads\/2025\/05\/190720_textrei_portraet-768x768.png 768w, https:\/\/www.die-textreinigung.de\/de\/wp-content\/uploads\/2025\/05\/190720_textrei_portraet-100x100.png 100w, https:\/\/www.die-textreinigung.de\/de\/wp-content\/uploads\/2025\/05\/190720_textrei_portraet-140x140.png 140w\" sizes=\"(max-width: 1200px) 100vw, 1200px\" \/>\t\t\t\t\t\t\t\t\t\t\t\t\t\t\t<\/div>\n\t\t\t\t<\/div>\n\t\t\t\t<div class=\"elementor-element elementor-element-a088922 elementor-widget elementor-widget-text-editor\" data-id=\"a088922\" data-element_type=\"widget\" data-e-type=\"widget\" data-widget_type=\"text-editor.default\">\n\t\t\t\t<div class=\"elementor-widget-container\">\n\t\t\t\t\t\t\t\t\t<p>Der Kern der textreinigung, das bin ich: <strong>Rivkah Frick<\/strong>, seit mittlerweile fast zwei Jahrzehnten als freie Lektorin auf dem Textmarkt unterwegs und bis heute von einer unstillbaren Leidenschaft f\u00fcr die Textverbesserung auf allen Ebenen erf\u00fcllt. Von Haus aus urspr\u00fcnglich Ingenieurin, bin ich bereits fr\u00fch \u00fcber das Lektorat von Studien- und Abschlussarbeiten an das <strong>Wissenschaftslektorat<\/strong> gekommen, das ich im Laufe der Jahre zu einem umfangreichen T\u00e4tigkeitsfeld ausgebaut habe. Daneben habe ich \u00fcber die Bearbeitung der Marketing-, Pr\u00e4sentations- und Informationsunterlagen etlicher Firmen und Institutionen das Feld der \u00f6ffentlich wirksamen <strong>Pr\u00e4sentation und Kommunikation<\/strong> ausgebaut. Das dritte Standbein bildet das <strong>Lektorat von Sachb\u00fcchern<\/strong> f\u00fcr verschiedene Verlage <strong>sowie Belletristik<\/strong> in der Hauptsache f\u00fcr Self Publisher. Dieser Arbeitsbereich liegt mir besonders am Herzen, da ich selbst \u00fcberaus literaturbegeistert bin und mit gro\u00dfer Freude Literaturschaffende dabei unterst\u00fctze, den etablierten Buchmarkt mit ihren Werken zu erweitern.<\/p>\t\t\t\t\t\t\t\t<\/div>\n\t\t\t\t<\/div>\n\t\t\t\t\t<\/div>\n\t\t\t\t<\/div>\n\t\t<div class=\"elementor-element elementor-element-c38aac7 e-flex e-con-boxed e-con e-parent\" data-id=\"c38aac7\" data-element_type=\"container\" data-e-type=\"container\">\n\t\t\t\t\t<div class=\"e-con-inner\">\n\t\t\t\t<div class=\"elementor-element elementor-element-8225060 elementor-widget-divider--view-line elementor-widget elementor-widget-divider\" data-id=\"8225060\" data-element_type=\"widget\" data-e-type=\"widget\" data-widget_type=\"divider.default\">\n\t\t\t\t<div class=\"elementor-widget-container\">\n\t\t\t\t\t\t\t<div class=\"elementor-divider\">\n\t\t\t<span class=\"elementor-divider-separator\">\n\t\t\t\t\t\t<\/span>\n\t\t<\/div>\n\t\t\t\t\t\t<\/div>\n\t\t\t\t<\/div>\n\t\t\t\t<div class=\"elementor-element elementor-element-abf438a elementor-widget elementor-widget-text-editor\" data-id=\"abf438a\" data-element_type=\"widget\" data-e-type=\"widget\" data-widget_type=\"text-editor.default\">\n\t\t\t\t<div class=\"elementor-widget-container\">\n\t\t\t\t\t\t\t\t\t<h2><strong>Vom Ich zum Wir<\/strong><\/h2>\t\t\t\t\t\t\t\t<\/div>\n\t\t\t\t<\/div>\n\t\t\t\t<div class=\"elementor-element elementor-element-b80c61b elementor-widget elementor-widget-text-editor\" data-id=\"b80c61b\" data-element_type=\"widget\" data-e-type=\"widget\" data-widget_type=\"text-editor.default\">\n\t\t\t\t<div class=\"elementor-widget-container\">\n\t\t\t\t\t\t\t\t\t<p>Das <strong>Wir<\/strong> entsteht \u00fcber das <strong>Netzwerk<\/strong>: denn auch in unserem Feld ist das Netzwerken das A und O der konstruktiven und effektiven Arbeit. \u00dcber die Jahre haben sich die verschiedensten Kooperationen mit Kolleginnen und Kollegen ergeben, die mir mit ihren unterschiedlichen Arbeitsschwerpunkten zur Seite stehen, sobald das Auftragsvolumen meine eigenen Kapazit\u00e4ten \u00fcbersteigt oder eine fachliche Spezialisierung gefragt ist, die nicht zu meinem eigenen Repertoire z\u00e4hlt. Von diesem breit gef\u00e4cherten Netzwerk profitieren auch Sie, wenn Sie sich f\u00fcr eine Zusammenarbeit mit mir entscheiden. Sobald es in irgendeiner Hinsicht sinnvoll und f\u00f6rderlich erscheint, wird dann aus dem Ich ein gro\u00dfes Wir, und Ihre Texte sind immer in den besten H\u00e4nden. Zudem spannen sich die F\u00e4den in die weiteren Dienstleistungsebenen rund um den Text. Seien es Layout und Grafik von Buchcovern, Prospekten oder Flyern, die Organisation der Druckerei mit dem besten Preis-Leistungs-Verh\u00e4ltnis, der Kontakt zu hervorragenden Fotografen f\u00fcr die Fotodokumentation Ihrer Ver\u00f6ffentlichung oder \u00dcbersetzungen in andere Sprachen \u2013 all dies und mehr ist \u00fcber meine Verbindungen kein Problem, sodass Ihr Projekt am Ende wie aus einem perfekten Guss erscheint. Und sollte das Vorhaben noch eine Nummer gr\u00f6\u00dfer sein: Zu meinem Netzwerk z\u00e4hlen auch zwei sehr erfolgreiche und etablierte Kommunikationsagenturen, die auf die Planung und Ausrichtung umfangreicherer Kampagnen bestens eingerichtet sind.<\/p><p>Ich selbst und auf Wunsch auch meine Netzwerkpartner freuen uns auf Ihre Texte und Herausforderungen sowie auf eine erfolgreiche und gedeihliche Zusammenarbeit mit Ihnen!<\/p>\t\t\t\t\t\t\t\t<\/div>\n\t\t\t\t<\/div>\n\t\t\t\t<div class=\"elementor-element elementor-element-43a471b elementor-widget elementor-widget-text-editor\" data-id=\"43a471b\" data-element_type=\"widget\" data-e-type=\"widget\" data-widget_type=\"text-editor.default\">\n\t\t\t\t<div class=\"elementor-widget-container\">\n\t\t\t\t\t\t\t\t\t<h2><strong>Kompetente Partnerinnen und Partner<\/strong><\/h2>\t\t\t\t\t\t\t\t<\/div>\n\t\t\t\t<\/div>\n\t\t\t\t<div class=\"elementor-element elementor-element-acb0c71 elementor-widget elementor-widget-text-editor\" data-id=\"acb0c71\" data-element_type=\"widget\" data-e-type=\"widget\" data-widget_type=\"text-editor.default\">\n\t\t\t\t<div class=\"elementor-widget-container\">\n\t\t\t\t\t\t\t\t\t<p><strong>GRAFIK, FOTOGRAFIE<br \/><\/strong><\/p><ul><li><span style=\"color: #f7971e;\"><a style=\"color: #f7971e;\" href=\"https:\/\/www.steinbach-berlin.de\/\" target=\"_blank\" rel=\"noopener noreferrer\">Holger Steinbach<\/a><\/span> (Grafik, E-Book-Betreuung)<\/li><li><span style=\"color: #f7971e;\"><a style=\"color: #f7971e;\" href=\"https:\/\/www.dascal.de\/\" target=\"_blank\" rel=\"noopener noreferrer\">Karin Dascal<\/a><\/span> (Portr\u00e4tfotografie, Bildreportage)<\/li><li><span style=\"color: #f7971e;\"><a style=\"color: #f7971e;\" href=\"http:\/\/giselaguertler.de\/\" target=\"_blank\" rel=\"noopener noreferrer\">Gisela G\u00fcrtler<\/a><\/span> (Fotografie: Portr\u00e4t, Fashion)<\/li><li><span style=\"color: #f7971e;\"><a style=\"color: #f7971e;\" href=\"https:\/\/zappe.biz\/\" target=\"_blank\" rel=\"noopener noreferrer\">Johannes Zappe<\/a><\/span> (Fotografie: People, Food, Objects, Events)<\/li><\/ul><p><strong><br \/>LEKTORATSKOOPERATIONEN<\/strong><\/p><ul><li><span style=\"color: #f7971e;\"><a style=\"color: #f7971e;\" href=\"https:\/\/www.freie-lektoren.de\/\" target=\"_blank\" rel=\"noopener noreferrer\">Freie Lektoren Obst und Ohlerich<\/a><\/span> (Schwerpunkte: Belletristik, Sachbuch, Autorenberatung)<\/li><li><span style=\"color: #f7971e;\"><a style=\"color: #f7971e;\" href=\"http:\/\/www.lektorat-bauerfeind.de\/\" target=\"_blank\" rel=\"noopener noreferrer\">Lektorat Bauerfeind<\/a><\/span> (Schwerpunkte: Kultur, Politik, Zeitgeschichte)<\/li><li><span style=\"color: #f7971e;\"><a style=\"color: #f7971e;\" href=\"https:\/\/www.berlinlektorat.com\/\" target=\"_blank\" rel=\"noopener noreferrer\">Textbaustelle<\/a><\/span> (Schwerpunkte: historische Romane, Ghostwriting)<\/li><\/ul><p><strong><br \/>\u00dcBERSETZUNGEN<\/strong><\/p><ul><li><span style=\"color: #f7971e;\"><a style=\"color: #f7971e;\" href=\"http:\/\/magalikaree.com\/\" target=\"_blank\" rel=\"noopener\">Magali Karee<\/a><\/span> (Franz\u00f6sisch, Englisch; Marketing f\u00fcr Medizin und IT)<\/li><li><span style=\"color: #f7971e;\"><a style=\"color: #f7971e;\" href=\"https:\/\/www.logashina.de\/\" target=\"_blank\" rel=\"noopener\">Ekaterina Logashina<\/a><\/span> (Russisch, Englisch; Geisteswissenschaften und Technik)<\/li><li><span style=\"color: #f7971e;\"><a style=\"color: #f7971e;\" href=\"https:\/\/adriana-netz.de\" target=\"_blank\" rel=\"noopener\">Adriana Netz<\/a><\/span> (Spanisch, Franz\u00f6sisch; juristische Texte und Literatur)<\/li><li><span style=\"color: #f7971e;\"><a style=\"color: #f7971e;\" href=\"https:\/\/www.uebersetzungsdienst-chinesisch.de\/\" target=\"_blank\" rel=\"noopener\">Stefan Ullmann<\/a><\/span> (Chinesisch; Technik, Wirtschaft, Recht, Medizin)<\/li><\/ul><p><strong><br \/>KOMMUNIKATIONSAGENTUREN<\/strong><\/p><ul><li><span style=\"color: #f7971e;\"><a style=\"color: #f7971e;\" href=\"http:\/\/laut-und-deutlich.com\/\" target=\"_blank\" rel=\"noopener\">LAUT UND DEUTLICH<\/a><\/span> (Gesellschaftspolitische, nachhaltige und wirtschaftliche Themen; Berlin)<\/li><li><span style=\"color: #f7971e;\"><a style=\"color: #f7971e;\" href=\"https:\/\/www.superliebe.com\" target=\"_blank\" rel=\"noopener\">superliebe \u2013 the askwhole agency<\/a><\/span> (Berlin\/Wiesbaden)<\/li><\/ul>\t\t\t\t\t\t\t\t<\/div>\n\t\t\t\t<\/div>\n\t\t\t\t<div class=\"elementor-element elementor-element-d18b700 elementor-widget-divider--view-line elementor-widget elementor-widget-divider\" data-id=\"d18b700\" data-element_type=\"widget\" data-e-type=\"widget\" data-widget_type=\"divider.default\">\n\t\t\t\t<div class=\"elementor-widget-container\">\n\t\t\t\t\t\t\t<div class=\"elementor-divider\">\n\t\t\t<span class=\"elementor-divider-separator\">\n\t\t\t\t\t\t<\/span>\n\t\t<\/div>\n\t\t\t\t\t\t<\/div>\n\t\t\t\t<\/div>\n\t\t\t\t<div class=\"elementor-element elementor-element-630ea19 elementor-widget elementor-widget-text-editor\" data-id=\"630ea19\" data-element_type=\"widget\" data-e-type=\"widget\" data-widget_type=\"text-editor.default\">\n\t\t\t\t<div class=\"elementor-widget-container\">\n\t\t\t\t\t\t\t\t\t<h6>Foto Rivkah Frick: \u00a9 Gisela G\u00fcrtler<\/h6>\t\t\t\t\t\t\t\t<\/div>\n\t\t\t\t<\/div>\n\t\t\t\t\t<\/div>\n\t\t\t\t<\/div>\n\t\t\t\t<\/div>\n\t\t","protected":false},"excerpt":{"rendered":"<p>Wer wir sind Wer wir sind die textreinigung Der Kern der textreinigung, das bin ich: Rivkah Frick, seit mittlerweile fast zwei Jahrzehnten als freie Lektorin auf dem Textmarkt unterwegs und bis heute von einer unstillbaren Leidenschaft f\u00fcr die Textverbesserung auf allen Ebenen erf\u00fcllt. Von Haus aus urspr\u00fcnglich Ingenieurin, bin ich bereits fr\u00fch \u00fcber das Lektorat [&hellip;]<\/p>\n","protected":false},"author":1,"featured_media":0,"parent":0,"menu_order":0,"comment_status":"closed","ping_status":"closed","template":"","meta":{"footnotes":""},"class_list":["post-201","page","type-page","status-publish","hentry"],"yoast_head":"<!-- This site is optimized with the Yoast SEO plugin v27.4 - https:\/\/yoast.com\/product\/yoast-seo-wordpress\/ -->\n<title>die textreinigung. Berliner Lektorat f\u00fcr Belletristik, Sachtexte, Firmen und Institutionen - Ihre Ansprechpartnerin<\/title>\n<meta name=\"description\" content=\"Die textreinigung stellt sich vor: professionelle Grundlagen, pers\u00f6nlicher Anspruch und das weit gespannte Netzwerk zur Erf\u00fcllung aller Kundenbed\u00fcrfnisse.\" \/>\n<meta name=\"robots\" content=\"index, follow, max-snippet:-1, max-image-preview:large, max-video-preview:-1\" \/>\n<link rel=\"canonical\" href=\"https:\/\/www.die-textreinigung.de\/de\/ueber-uns\/\" \/>\n<meta property=\"og:locale\" content=\"de_DE\" \/>\n<meta property=\"og:type\" content=\"article\" \/>\n<meta property=\"og:title\" content=\"die textreinigung. Berliner Lektorat f\u00fcr Belletristik, Sachtexte, Firmen und Institutionen - Ihre Ansprechpartnerin\" \/>\n<meta property=\"og:description\" content=\"Die textreinigung stellt sich vor: professionelle Grundlagen, pers\u00f6nlicher Anspruch und das weit gespannte Netzwerk zur Erf\u00fcllung aller Kundenbed\u00fcrfnisse.\" \/>\n<meta property=\"og:url\" content=\"https:\/\/www.die-textreinigung.de\/de\/ueber-uns\/\" \/>\n<meta property=\"og:site_name\" content=\"die textreinigung\" \/>\n<meta property=\"article:modified_time\" content=\"2025-05-16T15:46:36+00:00\" \/>\n<meta property=\"og:image\" content=\"https:\/\/www.die-textreinigung.de\/dev\/wp-content\/uploads\/2025\/05\/190720_textrei_portraet.png\" \/>\n<meta name=\"twitter:card\" content=\"summary_large_image\" \/>\n<meta name=\"twitter:label1\" content=\"Gesch\u00e4tzte Lesezeit\" \/>\n\t<meta name=\"twitter:data1\" content=\"3\u00a0Minuten\" \/>\n<script type=\"application\/ld+json\" class=\"yoast-schema-graph\">{\"@context\":\"https:\\\/\\\/schema.org\",\"@graph\":[{\"@type\":\"WebPage\",\"@id\":\"https:\\\/\\\/www.die-textreinigung.de\\\/de\\\/ueber-uns\\\/\",\"url\":\"https:\\\/\\\/www.die-textreinigung.de\\\/de\\\/ueber-uns\\\/\",\"name\":\"die textreinigung. Berliner Lektorat f\u00fcr Belletristik, Sachtexte, Firmen und Institutionen - Ihre Ansprechpartnerin\",\"isPartOf\":{\"@id\":\"https:\\\/\\\/www.die-textreinigung.de\\\/de\\\/#website\"},\"primaryImageOfPage\":{\"@id\":\"https:\\\/\\\/www.die-textreinigung.de\\\/de\\\/ueber-uns\\\/#primaryimage\"},\"image\":{\"@id\":\"https:\\\/\\\/www.die-textreinigung.de\\\/de\\\/ueber-uns\\\/#primaryimage\"},\"thumbnailUrl\":\"https:\\\/\\\/www.die-textreinigung.de\\\/dev\\\/wp-content\\\/uploads\\\/2025\\\/05\\\/190720_textrei_portraet.png\",\"datePublished\":\"2025-04-20T13:30:47+00:00\",\"dateModified\":\"2025-05-16T15:46:36+00:00\",\"description\":\"Die textreinigung stellt sich vor: professionelle Grundlagen, pers\u00f6nlicher Anspruch und das weit gespannte Netzwerk zur Erf\u00fcllung aller Kundenbed\u00fcrfnisse.\",\"breadcrumb\":{\"@id\":\"https:\\\/\\\/www.die-textreinigung.de\\\/de\\\/ueber-uns\\\/#breadcrumb\"},\"inLanguage\":\"de\",\"potentialAction\":[{\"@type\":\"ReadAction\",\"target\":[\"https:\\\/\\\/www.die-textreinigung.de\\\/de\\\/ueber-uns\\\/\"]}]},{\"@type\":\"ImageObject\",\"inLanguage\":\"de\",\"@id\":\"https:\\\/\\\/www.die-textreinigung.de\\\/de\\\/ueber-uns\\\/#primaryimage\",\"url\":\"https:\\\/\\\/www.die-textreinigung.de\\\/de\\\/wp-content\\\/uploads\\\/2025\\\/05\\\/190720_textrei_portraet.png\",\"contentUrl\":\"https:\\\/\\\/www.die-textreinigung.de\\\/de\\\/wp-content\\\/uploads\\\/2025\\\/05\\\/190720_textrei_portraet.png\",\"width\":1200,\"height\":1200},{\"@type\":\"BreadcrumbList\",\"@id\":\"https:\\\/\\\/www.die-textreinigung.de\\\/de\\\/ueber-uns\\\/#breadcrumb\",\"itemListElement\":[{\"@type\":\"ListItem\",\"position\":1,\"name\":\"Startseite\",\"item\":\"https:\\\/\\\/www.die-textreinigung.de\\\/de\\\/\"},{\"@type\":\"ListItem\",\"position\":2,\"name\":\"\u00dcber uns\"}]},{\"@type\":\"WebSite\",\"@id\":\"https:\\\/\\\/www.die-textreinigung.de\\\/de\\\/#website\",\"url\":\"https:\\\/\\\/www.die-textreinigung.de\\\/de\\\/\",\"name\":\"die textreinigung\",\"description\":\"korrigiert. lektoriert. gestaltet.\",\"publisher\":{\"@id\":\"https:\\\/\\\/www.die-textreinigung.de\\\/de\\\/#organization\"},\"potentialAction\":[{\"@type\":\"SearchAction\",\"target\":{\"@type\":\"EntryPoint\",\"urlTemplate\":\"https:\\\/\\\/www.die-textreinigung.de\\\/de\\\/?s={search_term_string}\"},\"query-input\":{\"@type\":\"PropertyValueSpecification\",\"valueRequired\":true,\"valueName\":\"search_term_string\"}}],\"inLanguage\":\"de\"},{\"@type\":\"Organization\",\"@id\":\"https:\\\/\\\/www.die-textreinigung.de\\\/de\\\/#organization\",\"name\":\"die textreinigung\",\"url\":\"https:\\\/\\\/www.die-textreinigung.de\\\/de\\\/\",\"logo\":{\"@type\":\"ImageObject\",\"inLanguage\":\"de\",\"@id\":\"https:\\\/\\\/www.die-textreinigung.de\\\/de\\\/#\\\/schema\\\/logo\\\/image\\\/\",\"url\":\"https:\\\/\\\/www.die-textreinigung.de\\\/de\\\/wp-content\\\/uploads\\\/2025\\\/04\\\/favicon.png\",\"contentUrl\":\"https:\\\/\\\/www.die-textreinigung.de\\\/de\\\/wp-content\\\/uploads\\\/2025\\\/04\\\/favicon.png\",\"width\":513,\"height\":513,\"caption\":\"die textreinigung\"},\"image\":{\"@id\":\"https:\\\/\\\/www.die-textreinigung.de\\\/de\\\/#\\\/schema\\\/logo\\\/image\\\/\"}}]}<\/script>\n<!-- \/ Yoast SEO plugin. -->","yoast_head_json":{"title":"die textreinigung. Berliner Lektorat f\u00fcr Belletristik, Sachtexte, Firmen und Institutionen - Ihre Ansprechpartnerin","description":"Die textreinigung stellt sich vor: professionelle Grundlagen, pers\u00f6nlicher Anspruch und das weit gespannte Netzwerk zur Erf\u00fcllung aller Kundenbed\u00fcrfnisse.","robots":{"index":"index","follow":"follow","max-snippet":"max-snippet:-1","max-image-preview":"max-image-preview:large","max-video-preview":"max-video-preview:-1"},"canonical":"https:\/\/www.die-textreinigung.de\/de\/ueber-uns\/","og_locale":"de_DE","og_type":"article","og_title":"die textreinigung. Berliner Lektorat f\u00fcr Belletristik, Sachtexte, Firmen und Institutionen - Ihre Ansprechpartnerin","og_description":"Die textreinigung stellt sich vor: professionelle Grundlagen, pers\u00f6nlicher Anspruch und das weit gespannte Netzwerk zur Erf\u00fcllung aller Kundenbed\u00fcrfnisse.","og_url":"https:\/\/www.die-textreinigung.de\/de\/ueber-uns\/","og_site_name":"die textreinigung","article_modified_time":"2025-05-16T15:46:36+00:00","og_image":[{"url":"https:\/\/www.die-textreinigung.de\/dev\/wp-content\/uploads\/2025\/05\/190720_textrei_portraet.png","type":"","width":"","height":""}],"twitter_card":"summary_large_image","twitter_misc":{"Gesch\u00e4tzte Lesezeit":"3\u00a0Minuten"},"schema":{"@context":"https:\/\/schema.org","@graph":[{"@type":"WebPage","@id":"https:\/\/www.die-textreinigung.de\/de\/ueber-uns\/","url":"https:\/\/www.die-textreinigung.de\/de\/ueber-uns\/","name":"die textreinigung. Berliner Lektorat f\u00fcr Belletristik, Sachtexte, Firmen und Institutionen - Ihre Ansprechpartnerin","isPartOf":{"@id":"https:\/\/www.die-textreinigung.de\/de\/#website"},"primaryImageOfPage":{"@id":"https:\/\/www.die-textreinigung.de\/de\/ueber-uns\/#primaryimage"},"image":{"@id":"https:\/\/www.die-textreinigung.de\/de\/ueber-uns\/#primaryimage"},"thumbnailUrl":"https:\/\/www.die-textreinigung.de\/dev\/wp-content\/uploads\/2025\/05\/190720_textrei_portraet.png","datePublished":"2025-04-20T13:30:47+00:00","dateModified":"2025-05-16T15:46:36+00:00","description":"Die textreinigung stellt sich vor: professionelle Grundlagen, pers\u00f6nlicher Anspruch und das weit gespannte Netzwerk zur Erf\u00fcllung aller Kundenbed\u00fcrfnisse.","breadcrumb":{"@id":"https:\/\/www.die-textreinigung.de\/de\/ueber-uns\/#breadcrumb"},"inLanguage":"de","potentialAction":[{"@type":"ReadAction","target":["https:\/\/www.die-textreinigung.de\/de\/ueber-uns\/"]}]},{"@type":"ImageObject","inLanguage":"de","@id":"https:\/\/www.die-textreinigung.de\/de\/ueber-uns\/#primaryimage","url":"https:\/\/www.die-textreinigung.de\/de\/wp-content\/uploads\/2025\/05\/190720_textrei_portraet.png","contentUrl":"https:\/\/www.die-textreinigung.de\/de\/wp-content\/uploads\/2025\/05\/190720_textrei_portraet.png","width":1200,"height":1200},{"@type":"BreadcrumbList","@id":"https:\/\/www.die-textreinigung.de\/de\/ueber-uns\/#breadcrumb","itemListElement":[{"@type":"ListItem","position":1,"name":"Startseite","item":"https:\/\/www.die-textreinigung.de\/de\/"},{"@type":"ListItem","position":2,"name":"\u00dcber uns"}]},{"@type":"WebSite","@id":"https:\/\/www.die-textreinigung.de\/de\/#website","url":"https:\/\/www.die-textreinigung.de\/de\/","name":"die textreinigung","description":"korrigiert. lektoriert. gestaltet.","publisher":{"@id":"https:\/\/www.die-textreinigung.de\/de\/#organization"},"potentialAction":[{"@type":"SearchAction","target":{"@type":"EntryPoint","urlTemplate":"https:\/\/www.die-textreinigung.de\/de\/?s={search_term_string}"},"query-input":{"@type":"PropertyValueSpecification","valueRequired":true,"valueName":"search_term_string"}}],"inLanguage":"de"},{"@type":"Organization","@id":"https:\/\/www.die-textreinigung.de\/de\/#organization","name":"die textreinigung","url":"https:\/\/www.die-textreinigung.de\/de\/","logo":{"@type":"ImageObject","inLanguage":"de","@id":"https:\/\/www.die-textreinigung.de\/de\/#\/schema\/logo\/image\/","url":"https:\/\/www.die-textreinigung.de\/de\/wp-content\/uploads\/2025\/04\/favicon.png","contentUrl":"https:\/\/www.die-textreinigung.de\/de\/wp-content\/uploads\/2025\/04\/favicon.png","width":513,"height":513,"caption":"die textreinigung"},"image":{"@id":"https:\/\/www.die-textreinigung.de\/de\/#\/schema\/logo\/image\/"}}]}},"_links":{"self":[{"href":"https:\/\/www.die-textreinigung.de\/de\/wp-json\/wp\/v2\/pages\/201","targetHints":{"allow":["GET"]}}],"collection":[{"href":"https:\/\/www.die-textreinigung.de\/de\/wp-json\/wp\/v2\/pages"}],"about":[{"href":"https:\/\/www.die-textreinigung.de\/de\/wp-json\/wp\/v2\/types\/page"}],"author":[{"embeddable":true,"href":"https:\/\/www.die-textreinigung.de\/de\/wp-json\/wp\/v2\/users\/1"}],"replies":[{"embeddable":true,"href":"https:\/\/www.die-textreinigung.de\/de\/wp-json\/wp\/v2\/comments?post=201"}],"version-history":[{"count":0,"href":"https:\/\/www.die-textreinigung.de\/de\/wp-json\/wp\/v2\/pages\/201\/revisions"}],"wp:attachment":[{"href":"https:\/\/www.die-textreinigung.de\/de\/wp-json\/wp\/v2\/media?parent=201"}],"curies":[{"name":"wp","href":"https:\/\/api.w.org\/{rel}","templated":true}]}}